{"id":35067,"date":"2022-07-11T16:41:03","date_gmt":"2022-07-11T14:41:03","guid":{"rendered":"https:\/\/osaone.ch\/verkaufsbedingungen\/"},"modified":"2022-11-21T09:20:54","modified_gmt":"2022-11-21T08:20:54","slug":"verkaufsbedingungen","status":"publish","type":"page","link":"https:\/\/osaone.ch\/de\/verkaufsbedingungen\/","title":{"rendered":"Verkaufsbedingungen"},"content":{"rendered":"\n<p><strong>ALLGEMEINE VERKAUFSBEDINGUNGEN<\/strong><\/p>\n\n<p>Die nachstehenden allgemeinen Verkaufs- und Nutzungsbedingungen gelten f\u00fcr das Gebiet der Schweiz und f\u00fcr alle Verk\u00e4ufe, die von <strong>OSA ONE Sagl<\/strong> \u00fcber ihre Domain angeboten werden. Die Nutzung der Dienste ist nur einem Endnutzer gestattet, der die Informationen \u00fcber die Verarbeitung personenbezogener Daten gelesen hat.<\/p>\n\n<p><strong>PRODUKTVERSAND<\/strong><\/p>\n\n<p>Der Versand erfolgt nur innerhalb der Schweiz. Die bestellten Produkte werden an die vom Nutzer im Anmeldeformular angegebene Postanschrift geschickt. Der Versand erfolgt von Montag bis Freitag w\u00e4hrend der normalen B\u00fcrozeiten, au\u00dfer an Feiertagen, und wird innerhalb von 5 bis 7 Arbeitstagen nach Zahlungseingang versandt, w\u00e4hrend der Ferienzeiten kann sich der Versand verz\u00f6gern.<\/p>\n\n<p>Die Lieferung gilt als abgeschlossen, wenn das Produkt dem Nutzer an der im Anmeldeformular angegebenen Adresse zur Verf\u00fcgung gestellt wird.<\/p>\n\n<p><strong>VERSANDKOSTEN<\/strong><\/p>\n\n<p>F\u00fcr die Schweiz ist der Versand kostenlos<\/p>\n\n<p><strong>EIN WIDERRUFSRECHT VON 14 ARBEITSTAGEN F\u00dcR ALLE BEI DRITTEN GEKAUFTEN PRODUKTE<\/strong><\/p>\n\n<p>Der Nutzer, der Produkte \u00fcber die Website erworben hat, hat das Recht, von dem mit OSA ONE Sagl geschlossenen Vertrag unter Angabe von Gr\u00fcnden innerhalb von 14 Werktagen ab dem Datum des Erhalts der Ware zur\u00fcckzutreten.<\/p>\n\n<p>Im Falle einer R\u00fccksendung bitten wir Sie, das Produkt ordnungsgem\u00e4\u00df zu verpacken und das beiliegende Formular mit einer genauen Beschreibung des Mangels oder des Grundes f\u00fcr die R\u00fccksendung zusammen mit dem Kaufbeleg auszuf\u00fcllen.<\/p>\n\n<p><strong>KEIN WIDERRUFSRECHT<\/strong><\/p>\n\n<p>Wenn das Produkt besch\u00e4digt ist, Gebrauchsspuren aufweist oder Etiketten entfernt wurden.<\/p>\n\n<p><strong>TRANSPORTSCH\u00c4DEN<\/strong><\/p>\n\n<p>Sollten Produkte mit offensichtlichen Transportsch\u00e4den angeliefert werden, bitten wir Sie, den Schaden sofort beim Spediteur zu melden und uns so schnell wie m\u00f6glich zu schreiben, wenn m\u00f6glich mit einem beigef\u00fcgten Foto.<\/p>\n\n<p><strong>R\u00dcCKZAHLUNGEN<\/strong><\/p>\n\n<p>Nach Erhalt der R\u00fccksendung f\u00fchren wir die erforderlichen Kontrollen durch und erstatten Ihnen bei ordnungsgem\u00e4\u00dfem Zustand den Betrag gem\u00e4\u00df den Anweisungen auf dem beigef\u00fcgten Formular auf Ihr Konto.<\/p>\n\n<p><strong>ART DER ZAHLUNG<\/strong><\/p>\n\n<p>Die Zahlung f\u00fcr die gekauften Produkte erfolgt per Kreditkarte nach den auf der Website besser angegebenen Methoden.<br\/>Kreditkarte<br\/>Bank\u00fcberweisung<\/p>\n\n<p><strong>DATENSCHUTZPOLITIK<\/strong><\/p>\n\n<p>Die Verwendung der personenbezogenen Daten der Kunden durch OSA ONE Sagl erfolgt zum Zwecke der Auftragsabwicklung und Bezahlung.<br\/>Wir verwenden die Daten auch, um mit Ihnen \u00fcber Bestellungen, Produkte und Dienstleistungen zu kommunizieren und um Ihr Kundenkonto zu unterhalten.<br\/>Personenbezogene Daten werden nur f\u00fcr interne Zwecke verwendet und nicht an Dritte weitergegeben.<\/p>\n\n<p><strong>GESETZLICHE BESTIMMUNGEN<\/strong><\/p>\n\n<p>Im Falle eines Rechtsstreits ist ausschlie\u00dflich schweizerisches Recht anwendbar, mit Lugano als zust\u00e4ndigem Gerichtsstand.<\/p>\n","protected":false},"excerpt":{"rendered":"<p>ALLGEMEINE VERKAUFSBEDINGUNGEN Die nachstehenden allgemeinen Verkaufs- und Nutzungsbedingungen gelten f\u00fcr das Gebiet der Schweiz und f\u00fcr alle Verk\u00e4ufe, die von OSA ONE Sagl \u00fcber ihre Domain angeboten werden. Die Nutzung der Dienste ist nur einem Endnutzer gestattet, der die Informationen \u00fcber die Verarbeitung personenbezogener Daten gelesen hat. PRODUKTVERSAND Der Versand erfolgt nur innerhalb der Schweiz. [&hellip;]<\/p>\n","protected":false},"author":3,"featured_media":0,"parent":0,"menu_order":0,"comment_status":"closed","ping_status":"closed","template":"","meta":{"_seopress_robots_primary_cat":"","_seopress_titles_title":"","_seopress_titles_desc":"","_seopress_robots_index":"","footnotes":""},"class_list":["post-35067","page","type-page","status-publish","hentry"],"_links":{"self":[{"href":"https:\/\/osaone.ch\/de\/wp-json\/wp\/v2\/pages\/35067","targetHints":{"allow":["GET"]}}],"collection":[{"href":"https:\/\/osaone.ch\/de\/wp-json\/wp\/v2\/pages"}],"about":[{"href":"https:\/\/osaone.ch\/de\/wp-json\/wp\/v2\/types\/page"}],"author":[{"embeddable":true,"href":"https:\/\/osaone.ch\/de\/wp-json\/wp\/v2\/users\/3"}],"replies":[{"embeddable":true,"href":"https:\/\/osaone.ch\/de\/wp-json\/wp\/v2\/comments?post=35067"}],"version-history":[{"count":1,"href":"https:\/\/osaone.ch\/de\/wp-json\/wp\/v2\/pages\/35067\/revisions"}],"predecessor-version":[{"id":50998,"href":"https:\/\/osaone.ch\/de\/wp-json\/wp\/v2\/pages\/35067\/revisions\/50998"}],"wp:attachment":[{"href":"https:\/\/osaone.ch\/de\/wp-json\/wp\/v2\/media?parent=35067"}],"curies":[{"name":"wp","href":"https:\/\/api.w.org\/{rel}","templated":true}]}}