{"id":35120,"date":"2022-07-11T11:34:37","date_gmt":"2022-07-11T09:34:37","guid":{"rendered":"https:\/\/osaone.ch\/das-unternehmen\/"},"modified":"2024-06-05T15:08:33","modified_gmt":"2024-06-05T13:08:33","slug":"das-unternehmen","status":"publish","type":"page","link":"https:\/\/osaone.ch\/de\/das-unternehmen\/","title":{"rendered":"Das Unternehmen"},"content":{"rendered":"\t\t<div data-elementor-type=\"wp-page\" data-elementor-id=\"35120\" class=\"elementor elementor-35120 elementor-30209\" data-elementor-post-type=\"page\">\n\t\t\t\t<div class=\"elementor-element elementor-element-c888ecf e-flex e-con-boxed e-con e-parent\" data-id=\"c888ecf\" data-element_type=\"container\" data-e-type=\"container\">\n\t\t\t\t\t<div class=\"e-con-inner\">\n\t\t<div class=\"elementor-element elementor-element-de0db71 e-con-full e-flex e-con e-child\" data-id=\"de0db71\" data-element_type=\"container\" data-e-type=\"container\">\n\t\t\t\t<div class=\"elementor-element elementor-element-c474d55 elementor-widget elementor-widget-text-editor\" data-id=\"c474d55\" data-element_type=\"widget\" data-e-type=\"widget\" data-widget_type=\"text-editor.default\">\n\t\t\t\t<div class=\"elementor-widget-container\">\n\t\t\t\t\t\t\t\t\t<p>Einf\u00fchrung<\/p>\n\t\t\t\t\t\t\t\t<\/div>\n\t\t\t\t<\/div>\n\t\t\t\t<div class=\"elementor-element elementor-element-c6df56c elementor-widget elementor-widget-heading\" data-id=\"c6df56c\" data-element_type=\"widget\" data-e-type=\"widget\" data-widget_type=\"heading.default\">\n\t\t\t\t<div class=\"elementor-widget-container\">\n\t\t\t\t\t<h2 class=\"elementor-heading-title elementor-size-default\">Feine, hochwertige Kleidung<\/h2>\t\t\t\t<\/div>\n\t\t\t\t<\/div>\n\t\t\t\t<div class=\"elementor-element elementor-element-eafc21a elementor-widget elementor-widget-text-editor\" data-id=\"eafc21a\" data-element_type=\"widget\" data-e-type=\"widget\" data-widget_type=\"text-editor.default\">\n\t\t\t\t<div class=\"elementor-widget-container\">\n\t\t\t\t\t\t\t\t\t<p>Das Gesch\u00e4ft wurde 2006 gegr\u00fcndet und \u00fcbernahm ein bereits seit mehreren Jahren bestehendes Gesch\u00e4ft, in dem zun\u00e4chst Herrenbekleidung und im Laufe der Jahre auch Damenbekleidung verkauft wurde.<br \/>Im Laufe der Jahre haben wir mit Leidenschaft und st\u00e4ndiger Aufmerksamkeit f\u00fcr die Bed\u00fcrfnisse unserer Kunden Qualit\u00e4tsprodukte gesucht und gefunden, die den verschiedenen Kundengruppen in Bezug auf Geschmack und Typ gerecht werden. Mit diesen Anforderungen im Hinterkopf wurde die Zusammenarbeit mit 100% italienischen Unternehmen, die feine italienische Garne verwenden, aufgenommen, was zu einzigartigen Kleidungsst\u00fccken in der Schweiz f\u00fchrt.<br \/>Wir werden unsere Suche nach einzigartigen Produkten und Kleidungsst\u00fccken fortsetzen, die den Geschmack unserer Kunden treffen, wobei wir stets auf die Art der Garne achten, die fein und nat\u00fcrlich sein m\u00fcssen.<br \/>Im Jahr 2021 sind wir online gegangen. Auf unserer Website finden Sie die Kleidungsst\u00fccke, die wir f\u00fcr Sie ausgew\u00e4hlt haben, streng in Italien hergestellt und zertifiziert, Hosen, R\u00f6cke, Kleider, Pullover, Poloshirts, Jacken und M\u00e4ntel, 100% reine Merinowolle aus erster Schur, 100% Malo-Baumwolle und mehr.<\/p>\n\t\t\t\t\t\t\t\t<\/div>\n\t\t\t\t<\/div>\n\t\t\t\t<\/div>\n\t\t<div class=\"elementor-element elementor-element-437b335 e-con-full e-flex e-con e-child\" data-id=\"437b335\" data-element_type=\"container\" data-e-type=\"container\" data-settings=\"{&quot;background_background&quot;:&quot;classic&quot;}\">\n\t\t\t\t<div class=\"elementor-element elementor-element-b442de0 elementor-widget elementor-widget-image\" data-id=\"b442de0\" data-element_type=\"widget\" data-e-type=\"widget\" data-widget_type=\"image.default\">\n\t\t\t\t<div class=\"elementor-widget-container\">\n\t\t\t\t\t\t\t\t\t\t\t\t\t\t\t<img fetchpriority=\"high\" decoding=\"async\" width=\"1541\" height=\"1202\" src=\"https:\/\/osaone.ch\/wp-content\/uploads\/2022\/07\/sitoweb-1.png\" class=\"attachment-full size-full wp-image-32961\" alt=\"logo osa one\" srcset=\"https:\/\/osaone.ch\/wp-content\/uploads\/2022\/07\/sitoweb-1.png 1541w, https:\/\/osaone.ch\/wp-content\/uploads\/2022\/07\/sitoweb-1-600x468.png 600w, https:\/\/osaone.ch\/wp-content\/uploads\/2022\/07\/sitoweb-1-300x234.png 300w, https:\/\/osaone.ch\/wp-content\/uploads\/2022\/07\/sitoweb-1-1024x799.png 1024w, https:\/\/osaone.ch\/wp-content\/uploads\/2022\/07\/sitoweb-1-768x599.png 768w, https:\/\/osaone.ch\/wp-content\/uploads\/2022\/07\/sitoweb-1-1536x1198.png 1536w\" sizes=\"(max-width: 1541px) 100vw, 1541px\" \/>\t\t\t\t\t\t\t\t\t\t\t\t\t\t\t<\/div>\n\t\t\t\t<\/div>\n\t\t\t\t<\/div>\n\t\t\t\t\t<\/div>\n\t\t\t\t<\/div>\n\t\t\t\t<\/div>\n\t\t","protected":false},"excerpt":{"rendered":"<p>Einf\u00fchrung Feine, hochwertige Kleidung Das Gesch\u00e4ft wurde 2006 gegr\u00fcndet und \u00fcbernahm ein bereits seit mehreren Jahren bestehendes Gesch\u00e4ft, in dem zun\u00e4chst Herrenbekleidung und im Laufe der Jahre auch Damenbekleidung verkauft wurde.Im Laufe der Jahre haben wir mit Leidenschaft und st\u00e4ndiger Aufmerksamkeit f\u00fcr die Bed\u00fcrfnisse unserer Kunden Qualit\u00e4tsprodukte gesucht und gefunden, die den verschiedenen Kundengruppen in [&hellip;]<\/p>\n","protected":false},"author":3,"featured_media":0,"parent":0,"menu_order":0,"comment_status":"closed","ping_status":"closed","template":"","meta":{"_seopress_robots_primary_cat":"","_seopress_titles_title":"%% post_title %% %% sep %% %% sitetitle %%","_seopress_titles_desc":"Feine, hochwertige Kleidung.","_seopress_robots_index":"","footnotes":""},"class_list":["post-35120","page","type-page","status-publish","hentry"],"_links":{"self":[{"href":"https:\/\/osaone.ch\/de\/wp-json\/wp\/v2\/pages\/35120","targetHints":{"allow":["GET"]}}],"collection":[{"href":"https:\/\/osaone.ch\/de\/wp-json\/wp\/v2\/pages"}],"about":[{"href":"https:\/\/osaone.ch\/de\/wp-json\/wp\/v2\/types\/page"}],"author":[{"embeddable":true,"href":"https:\/\/osaone.ch\/de\/wp-json\/wp\/v2\/users\/3"}],"replies":[{"embeddable":true,"href":"https:\/\/osaone.ch\/de\/wp-json\/wp\/v2\/comments?post=35120"}],"version-history":[{"count":4,"href":"https:\/\/osaone.ch\/de\/wp-json\/wp\/v2\/pages\/35120\/revisions"}],"predecessor-version":[{"id":223475,"href":"https:\/\/osaone.ch\/de\/wp-json\/wp\/v2\/pages\/35120\/revisions\/223475"}],"wp:attachment":[{"href":"https:\/\/osaone.ch\/de\/wp-json\/wp\/v2\/media?parent=35120"}],"curies":[{"name":"wp","href":"https:\/\/api.w.org\/{rel}","templated":true}]}}