{"id":35207,"date":"2022-07-11T17:18:30","date_gmt":"2022-07-11T15:18:30","guid":{"rendered":"https:\/\/osaone.ch\/privacy-policy\/"},"modified":"2022-11-21T09:20:27","modified_gmt":"2022-11-21T08:20:27","slug":"privacy-policy","status":"publish","type":"page","link":"https:\/\/osaone.ch\/de\/privacy-policy\/","title":{"rendered":"Privacy Policy"},"content":{"rendered":"\n<h2 class=\"wp-block-heading\">\u00dcber uns<\/h2>\n\n<p>Die Adresse unserer Website lautet: https:\/\/osaone.ch.<\/p>\n\n<h2 class=\"wp-block-heading\">Kommentare<\/h2>\n\n<p>Wenn Besucher Kommentare auf der Website hinterlassen, erfassen wir die im Kommentarformular angezeigten Daten sowie die IP-Adresse des Besuchers und den User-Agent-String des Browsers, um Spam zu erkennen.<\/p>\n\n<p>Eine anonymisierte Zeichenfolge, die aus Ihrer E-Mail-Adresse erstellt wird (auch als Hash bekannt), kann dem Gravatar-Dienst zur Verf\u00fcgung gestellt werden, um zu sehen, ob Sie ihn verwenden. Die Datenschutzbestimmungen des Gravatar-Dienstes finden Sie hier: https:\/\/automattic.com\/privacy\/. Nach der Freigabe Ihres Kommentars ist Ihr Profilbild im Kontext Ihres Kommentars f\u00fcr die \u00d6ffentlichkeit sichtbar.<\/p>\n\n<h2 class=\"wp-block-heading\">Medien<\/h2>\n\n<p>Wenn Sie Bilder auf die Website hochladen, sollten Sie es vermeiden, Bilder hochzuladen, die eingebettete Standortdaten (EXIF-GPS) enthalten. Die Besucher der Website k\u00f6nnen alle Standortdaten von den Bildern auf der Website herunterladen und extrahieren.<\/p>\n\n<h2 class=\"wp-block-heading\">Keks<\/h2>\n\n<p>Wenn Sie einen Kommentar auf unserer Website hinterlassen, k\u00f6nnen Sie w\u00e4hlen, ob Ihr Name, Ihre E-Mail-Adresse und Ihre Website in Cookies gespeichert werden sollen. Sie dienen Ihrer Bequemlichkeit, damit Sie Ihre Daten nicht erneut eingeben m\u00fcssen, wenn Sie einen weiteren Kommentar hinterlassen. Diese Kekse sind ein Jahr lang haltbar.<\/p>\n\n<p>Wenn Sie die Anmeldeseite besuchen, wird ein tempor\u00e4rer Cookie gesetzt, um festzustellen, ob Ihr Browser Cookies akzeptiert. Dieses Cookie enth\u00e4lt keine pers\u00f6nlichen Daten und wird gel\u00f6scht, wenn Sie den Browser schlie\u00dfen.<\/p>\n\n<p>Wenn Sie sich anmelden, werden mehrere Cookies gesetzt, um Ihre Anmeldeinformationen und Bildschirmdarstellungsoptionen zu speichern. Login-Cookies sind zwei Tage lang g\u00fcltig, w\u00e4hrend Cookies f\u00fcr Bildschirmoptionen ein Jahr lang g\u00fcltig sind. Wenn Sie &#8222;Remember me&#8220; w\u00e4hlen, bleibt Ihr Zugang zwei Wochen lang bestehen. Wenn Sie sich von Ihrem Konto abmelden, werden Ihre Anmelde-Cookies entfernt.<\/p>\n\n<p>Wenn Sie einen Artikel bearbeiten oder ver\u00f6ffentlichen, wird ein zus\u00e4tzliches Cookie in Ihrem Browser gespeichert. Dieses Cookie enth\u00e4lt keine pers\u00f6nlichen Daten, sondern zeigt lediglich die ID des Artikels an, den Sie gerade ge\u00e4ndert haben. L\u00e4uft nach 1 Tag ab.<\/p>\n\n<h2 class=\"wp-block-heading\">In andere Websites eingebettete Inhalte<\/h2>\n\n<p>Die Artikel auf dieser Website k\u00f6nnen eingebettete Inhalte enthalten (z. B. Videos, Bilder, Artikel usw.). Von anderen Websites eingebettete Inhalte verhalten sich genau so, als ob der Besucher die andere Website besucht h\u00e4tte.<\/p>\n\n<p>Diese Websites k\u00f6nnen Daten \u00fcber Sie sammeln, Cookies verwenden, zus\u00e4tzliche Trackingverfahren von Dritten integrieren und Ihre Interaktion mit ihnen \u00fcberwachen, einschlie\u00dflich der Verfolgung Ihrer Interaktion mit eingebetteten Inhalten, wenn Sie ein Konto haben und auf diesen Websites angemeldet sind.<\/p>\n\n<h2 class=\"wp-block-heading\">Mit wem wir Ihre Daten teilen<\/h2>\n\n<p>Wenn Sie ein neues Passwort anfordern, wird Ihre IP-Adresse in der E-Mail mit dem neuen Passwort angegeben.<\/p>\n\n<h2 class=\"wp-block-heading\">Wie lange wir Ihre Daten aufbewahren<\/h2>\n\n<p>Wenn Sie einen Kommentar hinterlassen, werden der Kommentar und seine Metadaten auf unbestimmte Zeit gespeichert. Auf diese Weise k\u00f6nnen wir nachfolgende Kommentare automatisch erkennen und genehmigen, anstatt sie in einer Moderationswarteschlange zu halten.<\/p>\n\n<p>Bei Nutzern, die sich auf unserer Website registrieren (falls vorhanden), speichern wir auch die pers\u00f6nlichen Daten, die sie in ihrem Nutzerprofil angeben. Alle Nutzer k\u00f6nnen ihre pers\u00f6nlichen Daten jederzeit einsehen, \u00e4ndern oder l\u00f6schen (mit Ausnahme ihres Benutzernamens, den sie nicht \u00e4ndern k\u00f6nnen). Auch Website-Administratoren k\u00f6nnen diese Informationen einsehen und bearbeiten.<\/p>\n\n<h2 class=\"wp-block-heading\">Welche Rechte haben Sie in Bezug auf Ihre Daten?<\/h2>\n\n<p>Wenn Sie ein Konto auf dieser Website haben oder Kommentare hinterlassen haben, k\u00f6nnen Sie den Erhalt einer von der Website exportierten Datei mit den von uns \u00fcber Sie gespeicherten personenbezogenen Daten, einschlie\u00dflich aller Daten, die Sie uns zur Verf\u00fcgung gestellt haben, anfordern. Sie k\u00f6nnen auch verlangen, dass wir alle Sie betreffenden personenbezogenen Daten l\u00f6schen. Davon ausgenommen sind Daten, die wir aus administrativen, rechtlichen oder sicherheitstechnischen Gr\u00fcnden aufbewahren m\u00fcssen.<\/p>\n\n<h2 class=\"wp-block-heading\">Wohin Ihre Daten gesendet werden<\/h2>\n\n<p>Besucherkommentare k\u00f6nnen durch einen automatischen Spam-Erkennungsdienst \u00fcberpr\u00fcft werden.<\/p>\n","protected":false},"excerpt":{"rendered":"<p>\u00dcber uns Die Adresse unserer Website lautet: https:\/\/osaone.ch. Kommentare Wenn Besucher Kommentare auf der Website hinterlassen, erfassen wir die im Kommentarformular angezeigten Daten sowie die IP-Adresse des Besuchers und den User-Agent-String des Browsers, um Spam zu erkennen. Eine anonymisierte Zeichenfolge, die aus Ihrer E-Mail-Adresse erstellt wird (auch als Hash bekannt), kann dem Gravatar-Dienst zur Verf\u00fcgung [&hellip;]<\/p>\n","protected":false},"author":3,"featured_media":0,"parent":0,"menu_order":0,"comment_status":"closed","ping_status":"closed","template":"","meta":{"_seopress_robots_primary_cat":"","_seopress_titles_title":"","_seopress_titles_desc":"","_seopress_robots_index":"","footnotes":""},"class_list":["post-35207","page","type-page","status-publish","hentry"],"_links":{"self":[{"href":"https:\/\/osaone.ch\/de\/wp-json\/wp\/v2\/pages\/35207","targetHints":{"allow":["GET"]}}],"collection":[{"href":"https:\/\/osaone.ch\/de\/wp-json\/wp\/v2\/pages"}],"about":[{"href":"https:\/\/osaone.ch\/de\/wp-json\/wp\/v2\/types\/page"}],"author":[{"embeddable":true,"href":"https:\/\/osaone.ch\/de\/wp-json\/wp\/v2\/users\/3"}],"replies":[{"embeddable":true,"href":"https:\/\/osaone.ch\/de\/wp-json\/wp\/v2\/comments?post=35207"}],"version-history":[{"count":1,"href":"https:\/\/osaone.ch\/de\/wp-json\/wp\/v2\/pages\/35207\/revisions"}],"predecessor-version":[{"id":51005,"href":"https:\/\/osaone.ch\/de\/wp-json\/wp\/v2\/pages\/35207\/revisions\/51005"}],"wp:attachment":[{"href":"https:\/\/osaone.ch\/de\/wp-json\/wp\/v2\/media?parent=35207"}],"curies":[{"name":"wp","href":"https:\/\/api.w.org\/{rel}","templated":true}]}}