{"id":123578,"date":"2023-06-05T15:40:01","date_gmt":"2023-06-05T13:40:01","guid":{"rendered":"https:\/\/osaone.ch\/prodotto\/kleid-4\/"},"modified":"2023-06-05T15:40:01","modified_gmt":"2023-06-05T13:40:01","slug":"kleid-4","status":"publish","type":"product","link":"https:\/\/osaone.ch\/de\/produkt\/kleid-4\/","title":{"rendered":"Kleid"},"content":{"rendered":"<p>Gestrickt, mehrere Maschen, garngef\u00e4rbt, Farbe bleibt auch nach vielen W\u00e4schen unver\u00e4ndert, Swarovski appliziert, Farbe BLAU.<\/p>\n<p>Kombinierbar mit Strickjacke mit Rei\u00dfverschluss Artikel 222-E2250DB, gleiche Farbe Bad.<\/p>\n<p>ZERTIFIZIERTES ITALIENISCHES PRODUKT<\/p>\n","protected":false},"excerpt":{"rendered":"<p>84% Viskose 16% Elit\u00e9<\/p>\n","protected":false},"featured_media":225022,"template":"","meta":{"_seopress_robots_primary_cat":"","_seopress_titles_title":"","_seopress_titles_desc":"","_seopress_robots_index":"","_seopress_analysis_target_kw":""},"product_brand":[],"product_cat":[445,393],"product_tag":[],"class_list":{"0":"post-123578","1":"product","2":"type-product","3":"status-publish","4":"has-post-thumbnail","6":"product_cat-frau","7":"product_cat-kleidung","8":"pa_taglia-44-de","9":"pa_taglia-46-de","10":"pa_taglia-48-de","11":"pa_taglia-50-de","13":"first","14":"instock","15":"shipping-taxable","16":"purchasable","17":"product-type-variable","18":"has-default-attributes"},"_links":{"self":[{"href":"https:\/\/osaone.ch\/de\/wp-json\/wp\/v2\/product\/123578","targetHints":{"allow":["GET"]}}],"collection":[{"href":"https:\/\/osaone.ch\/de\/wp-json\/wp\/v2\/product"}],"about":[{"href":"https:\/\/osaone.ch\/de\/wp-json\/wp\/v2\/types\/product"}],"wp:featuredmedia":[{"embeddable":true,"href":"https:\/\/osaone.ch\/de\/wp-json\/wp\/v2\/media\/225022"}],"wp:attachment":[{"href":"https:\/\/osaone.ch\/de\/wp-json\/wp\/v2\/media?parent=123578"}],"wp:term":[{"taxonomy":"product_brand","embeddable":true,"href":"https:\/\/osaone.ch\/de\/wp-json\/wp\/v2\/product_brand?post=123578"},{"taxonomy":"product_cat","embeddable":true,"href":"https:\/\/osaone.ch\/de\/wp-json\/wp\/v2\/product_cat?post=123578"},{"taxonomy":"product_tag","embeddable":true,"href":"https:\/\/osaone.ch\/de\/wp-json\/wp\/v2\/product_tag?post=123578"}],"curies":[{"name":"wp","href":"https:\/\/api.w.org\/{rel}","templated":true}]}}