{"id":133079,"date":"2023-09-02T14:51:22","date_gmt":"2023-09-02T12:51:22","guid":{"rendered":"https:\/\/osaone.ch\/prodotto\/3-4-laenge-trikot\/"},"modified":"2023-09-02T14:51:22","modified_gmt":"2023-09-02T12:51:22","slug":"mesh-m-3-4","status":"publish","type":"product","link":"https:\/\/osaone.ch\/de\/produkt\/mesh-m-3-4\/","title":{"rendered":"3\/4 L\u00e4nge Trikot"},"content":{"rendered":"<p>Gestrickt, Stickerei nur auf der Vorderseite, das Kleidungsst\u00fcck bleibt auch nach vielen W\u00e4schen unver\u00e4ndert, Farbe WEISS<\/p>\n<p>ZERTIFIZIERTES ITALIENISCHES PRODUKT<\/p>\n","protected":false},"excerpt":{"rendered":"<p>84% Viskose 16% Elit\u00e9<\/p>\n","protected":false},"featured_media":132481,"template":"","meta":{"_seopress_robots_primary_cat":"none","_seopress_titles_title":"","_seopress_titles_desc":"","_seopress_robots_index":"","_seopress_analysis_target_kw":""},"product_brand":[],"product_cat":[341,445,289],"product_tag":[],"class_list":{"0":"post-133079","1":"product","2":"type-product","3":"status-publish","4":"has-post-thumbnail","6":"product_cat-3-4-armelige-hemden","7":"product_cat-frau","8":"product_cat-hemden-de","9":"pa_taglia-42-de","10":"pa_taglia-44-de","11":"pa_taglia-46-de","13":"first","14":"instock","15":"sold-individually","16":"shipping-taxable","17":"purchasable","18":"product-type-variable","19":"has-default-attributes"},"_links":{"self":[{"href":"https:\/\/osaone.ch\/de\/wp-json\/wp\/v2\/product\/133079","targetHints":{"allow":["GET"]}}],"collection":[{"href":"https:\/\/osaone.ch\/de\/wp-json\/wp\/v2\/product"}],"about":[{"href":"https:\/\/osaone.ch\/de\/wp-json\/wp\/v2\/types\/product"}],"wp:featuredmedia":[{"embeddable":true,"href":"https:\/\/osaone.ch\/de\/wp-json\/wp\/v2\/media\/132481"}],"wp:attachment":[{"href":"https:\/\/osaone.ch\/de\/wp-json\/wp\/v2\/media?parent=133079"}],"wp:term":[{"taxonomy":"product_brand","embeddable":true,"href":"https:\/\/osaone.ch\/de\/wp-json\/wp\/v2\/product_brand?post=133079"},{"taxonomy":"product_cat","embeddable":true,"href":"https:\/\/osaone.ch\/de\/wp-json\/wp\/v2\/product_cat?post=133079"},{"taxonomy":"product_tag","embeddable":true,"href":"https:\/\/osaone.ch\/de\/wp-json\/wp\/v2\/product_tag?post=133079"}],"curies":[{"name":"wp","href":"https:\/\/api.w.org\/{rel}","templated":true}]}}