{"id":133093,"date":"2023-09-02T15:19:16","date_gmt":"2023-09-02T13:19:16","guid":{"rendered":"https:\/\/osaone.ch\/prodotto\/pullover-mit-rundhalsausschnitt\/"},"modified":"2023-09-02T15:19:16","modified_gmt":"2023-09-02T13:19:16","slug":"uberbruckungs-dreher-30","status":"publish","type":"product","link":"https:\/\/osaone.ch\/de\/produkt\/uberbruckungs-dreher-30\/","title":{"rendered":"Pullover mit Rundhalsausschnitt"},"content":{"rendered":"<p>Gestrickt, auf Vorder- und R\u00fcckseite bedruckt, bleiben die Farben auch nach vielen W\u00e4schen unver\u00e4ndert. Das Kleidungsst\u00fcck ist sehr fein und leicht, Farbe BLACK-MULTICOLOR.<\/p>\n<p>ZERTIFIZIERTES ITALIENISCHES PRODUKT<\/p>\n","protected":false},"excerpt":{"rendered":"<p>84% Viskose 16% Elit\u00e9<\/p>\n","protected":false},"featured_media":132512,"template":"","meta":{"_seopress_robots_primary_cat":"","_seopress_titles_title":"","_seopress_titles_desc":"","_seopress_robots_index":""},"product_brand":[],"product_cat":[445,340,289],"product_tag":[],"class_list":{"0":"post-133093","1":"product","2":"type-product","3":"status-publish","4":"has-post-thumbnail","6":"product_cat-frau","7":"product_cat-halbarmige-hemden","8":"product_cat-hemden-de","9":"pa_taglia-44-de","10":"pa_taglia-46-de","11":"pa_taglia-48-de","12":"pa_taglia-50-de","13":"pa_taglia-52-de","15":"first","16":"instock","17":"sold-individually","18":"shipping-taxable","19":"purchasable","20":"product-type-variable","21":"has-default-attributes"},"_links":{"self":[{"href":"https:\/\/osaone.ch\/de\/wp-json\/wp\/v2\/product\/133093","targetHints":{"allow":["GET"]}}],"collection":[{"href":"https:\/\/osaone.ch\/de\/wp-json\/wp\/v2\/product"}],"about":[{"href":"https:\/\/osaone.ch\/de\/wp-json\/wp\/v2\/types\/product"}],"wp:featuredmedia":[{"embeddable":true,"href":"https:\/\/osaone.ch\/de\/wp-json\/wp\/v2\/media\/132512"}],"wp:attachment":[{"href":"https:\/\/osaone.ch\/de\/wp-json\/wp\/v2\/media?parent=133093"}],"wp:term":[{"taxonomy":"product_brand","embeddable":true,"href":"https:\/\/osaone.ch\/de\/wp-json\/wp\/v2\/product_brand?post=133093"},{"taxonomy":"product_cat","embeddable":true,"href":"https:\/\/osaone.ch\/de\/wp-json\/wp\/v2\/product_cat?post=133093"},{"taxonomy":"product_tag","embeddable":true,"href":"https:\/\/osaone.ch\/de\/wp-json\/wp\/v2\/product_tag?post=133093"}],"curies":[{"name":"wp","href":"https:\/\/api.w.org\/{rel}","templated":true}]}}