{"id":133129,"date":"2023-09-02T14:57:51","date_gmt":"2023-09-02T12:57:51","guid":{"rendered":"https:\/\/osaone.ch\/prodotto\/3-4-laenge-trikot\/"},"modified":"2023-09-02T14:57:51","modified_gmt":"2023-09-02T12:57:51","slug":"trikot-m-3-4-2","status":"publish","type":"product","link":"https:\/\/osaone.ch\/de\/produkt\/trikot-m-3-4-2\/","title":{"rendered":"3\/4 L\u00e4nge Trikot"},"content":{"rendered":"<p>Gestrickt, Stickerei nur auf der Vorderseite, das Kleidungsst\u00fcck bleibt auch nach vielen W\u00e4schen unver\u00e4ndert, Farbe BLACK<\/p>\n<p>ZERTIFIZIERTES ITALIENISCHES PRODUKT<\/p>\n","protected":false},"excerpt":{"rendered":"<p>84% Viskose 16% Elit\u00e9<\/p>\n","protected":false},"featured_media":132491,"template":"","meta":{"_seopress_robots_primary_cat":"","_seopress_titles_title":"","_seopress_titles_desc":"","_seopress_robots_index":""},"product_brand":[],"product_cat":[341,445,289],"product_tag":[],"class_list":{"0":"post-133129","1":"product","2":"type-product","3":"status-publish","4":"has-post-thumbnail","6":"product_cat-3-4-armelige-hemden","7":"product_cat-frau","8":"product_cat-hemden-de","9":"pa_taglia-42-de","10":"pa_taglia-44-de","11":"pa_taglia-46-de","12":"pa_taglia-48-de","13":"pa_taglia-50-de","15":"first","16":"instock","17":"sold-individually","18":"shipping-taxable","19":"purchasable","20":"product-type-variable","21":"has-default-attributes"},"_links":{"self":[{"href":"https:\/\/osaone.ch\/de\/wp-json\/wp\/v2\/product\/133129","targetHints":{"allow":["GET"]}}],"collection":[{"href":"https:\/\/osaone.ch\/de\/wp-json\/wp\/v2\/product"}],"about":[{"href":"https:\/\/osaone.ch\/de\/wp-json\/wp\/v2\/types\/product"}],"wp:featuredmedia":[{"embeddable":true,"href":"https:\/\/osaone.ch\/de\/wp-json\/wp\/v2\/media\/132491"}],"wp:attachment":[{"href":"https:\/\/osaone.ch\/de\/wp-json\/wp\/v2\/media?parent=133129"}],"wp:term":[{"taxonomy":"product_brand","embeddable":true,"href":"https:\/\/osaone.ch\/de\/wp-json\/wp\/v2\/product_brand?post=133129"},{"taxonomy":"product_cat","embeddable":true,"href":"https:\/\/osaone.ch\/de\/wp-json\/wp\/v2\/product_cat?post=133129"},{"taxonomy":"product_tag","embeddable":true,"href":"https:\/\/osaone.ch\/de\/wp-json\/wp\/v2\/product_tag?post=133129"}],"curies":[{"name":"wp","href":"https:\/\/api.w.org\/{rel}","templated":true}]}}