{"id":169582,"date":"2023-11-20T11:30:56","date_gmt":"2023-11-20T10:30:56","guid":{"rendered":"https:\/\/osaone.ch\/prodotto\/jacke-mit-reversiblem-reissverschluss\/"},"modified":"2024-01-23T07:48:47","modified_gmt":"2024-01-23T06:48:47","slug":"jacke-mit-reversiblem-reissverschluss","status":"publish","type":"product","link":"https:\/\/osaone.ch\/de\/produkt\/jacke-mit-reversiblem-reissverschluss\/","title":{"rendered":"Jacke mit reversiblem Rei\u00dfverschluss"},"content":{"rendered":"<p>Gestrickt, garngef\u00e4rbt, Wolle aus erster Schur, mit Taschen, pelzartige Arbeit auf der Vorderseite, normale R\u00fcckseite, sehr weich, dr\u00fcckt nicht, bei normalem Gebrauch ohne Reibung kein Pilling, Farbe SCHWARZ- MILIT\u00c4RGR\u00dcN.<\/p>\n<p>ZERTIFIZIERTES ITALIENISCHES PRODUKT<\/p>\n","protected":false},"excerpt":{"rendered":"<p>100% Merinowolle<\/p>\n","protected":false},"featured_media":158145,"template":"","meta":{"_seopress_robots_primary_cat":"none","_seopress_titles_title":"","_seopress_titles_desc":"","_seopress_robots_index":"","_seopress_analysis_target_kw":""},"product_brand":[],"product_cat":[350,472],"product_tag":[],"class_list":{"0":"post-169582","1":"product","2":"type-product","3":"status-publish","4":"has-post-thumbnail","6":"product_cat-jacken","7":"product_cat-mann-de","8":"pa_taglia-2xl-de","9":"pa_taglia-3xl-de","10":"pa_taglia-m-de","11":"pa_taglia-s-de","12":"pa_taglia-xl-de","14":"first","15":"instock","16":"sold-individually","17":"shipping-taxable","18":"purchasable","19":"product-type-variable","20":"has-default-attributes"},"_links":{"self":[{"href":"https:\/\/osaone.ch\/de\/wp-json\/wp\/v2\/product\/169582","targetHints":{"allow":["GET"]}}],"collection":[{"href":"https:\/\/osaone.ch\/de\/wp-json\/wp\/v2\/product"}],"about":[{"href":"https:\/\/osaone.ch\/de\/wp-json\/wp\/v2\/types\/product"}],"wp:featuredmedia":[{"embeddable":true,"href":"https:\/\/osaone.ch\/de\/wp-json\/wp\/v2\/media\/158145"}],"wp:attachment":[{"href":"https:\/\/osaone.ch\/de\/wp-json\/wp\/v2\/media?parent=169582"}],"wp:term":[{"taxonomy":"product_brand","embeddable":true,"href":"https:\/\/osaone.ch\/de\/wp-json\/wp\/v2\/product_brand?post=169582"},{"taxonomy":"product_cat","embeddable":true,"href":"https:\/\/osaone.ch\/de\/wp-json\/wp\/v2\/product_cat?post=169582"},{"taxonomy":"product_tag","embeddable":true,"href":"https:\/\/osaone.ch\/de\/wp-json\/wp\/v2\/product_tag?post=169582"}],"curies":[{"name":"wp","href":"https:\/\/api.w.org\/{rel}","templated":true}]}}