{"id":169681,"date":"2023-11-20T11:07:40","date_gmt":"2023-11-20T10:07:40","guid":{"rendered":"https:\/\/osaone.ch\/prodotto\/mantel-4\/"},"modified":"2023-11-20T11:07:40","modified_gmt":"2023-11-20T10:07:40","slug":"mantel-4","status":"publish","type":"product","link":"https:\/\/osaone.ch\/de\/produkt\/mantel-4\/","title":{"rendered":"Mantel"},"content":{"rendered":"<p>Gestrickt, prim\u00e4re Wolle, garngef\u00e4rbt, ohne Verschluss und N\u00e4hte, mit Taschen, Farbe GRAU.<\/p>\n<p>ZERTIFIZIERTES ITALIENISCHES PRODUKT<\/p>\n","protected":false},"excerpt":{"rendered":"<p>45% Merinowolle 28% Viskose 10% Kaschmir 17% Pl<\/p>\n","protected":false},"featured_media":158110,"template":"","meta":{"_seopress_robots_primary_cat":"none","_seopress_titles_title":"","_seopress_titles_desc":"","_seopress_robots_index":""},"product_brand":[],"product_cat":[445,384],"product_tag":[],"class_list":{"0":"post-169681","1":"product","2":"type-product","3":"status-publish","4":"has-post-thumbnail","6":"product_cat-frau","7":"product_cat-jacken-de","8":"pa_taglia-l-de","9":"pa_taglia-m-de","10":"pa_taglia-s-de","12":"first","13":"instock","14":"sold-individually","15":"shipping-taxable","16":"purchasable","17":"product-type-variable","18":"has-default-attributes"},"_links":{"self":[{"href":"https:\/\/osaone.ch\/de\/wp-json\/wp\/v2\/product\/169681","targetHints":{"allow":["GET"]}}],"collection":[{"href":"https:\/\/osaone.ch\/de\/wp-json\/wp\/v2\/product"}],"about":[{"href":"https:\/\/osaone.ch\/de\/wp-json\/wp\/v2\/types\/product"}],"wp:featuredmedia":[{"embeddable":true,"href":"https:\/\/osaone.ch\/de\/wp-json\/wp\/v2\/media\/158110"}],"wp:attachment":[{"href":"https:\/\/osaone.ch\/de\/wp-json\/wp\/v2\/media?parent=169681"}],"wp:term":[{"taxonomy":"product_brand","embeddable":true,"href":"https:\/\/osaone.ch\/de\/wp-json\/wp\/v2\/product_brand?post=169681"},{"taxonomy":"product_cat","embeddable":true,"href":"https:\/\/osaone.ch\/de\/wp-json\/wp\/v2\/product_cat?post=169681"},{"taxonomy":"product_tag","embeddable":true,"href":"https:\/\/osaone.ch\/de\/wp-json\/wp\/v2\/product_tag?post=169681"}],"curies":[{"name":"wp","href":"https:\/\/api.w.org\/{rel}","templated":true}]}}