{"id":174226,"date":"2024-01-08T16:46:01","date_gmt":"2024-01-08T15:46:01","guid":{"rendered":"https:\/\/osaone.ch\/prodotto\/halskette-2\/"},"modified":"2025-10-28T07:42:57","modified_gmt":"2025-10-28T06:42:57","slug":"halskette-2","status":"publish","type":"product","link":"https:\/\/osaone.ch\/de\/produkt\/halskette-2\/","title":{"rendered":"Rundhalsausschnitt &#8211; Wolle"},"content":{"rendered":"<p>Stricken, Wolle aus der ersten Schur, garngef\u00e4rbt, sehr weich, dr\u00fcckt nicht, unter normalen Bedingungen keine Faltenbildung, warmes mittelschweres Gestrick. Farbe: T\u00fcrkis ITALIAN CERTIFIED PRODUCT<\/p>\n","protected":false},"excerpt":{"rendered":"<p>100% Merinowolle<\/p>\n","protected":false},"featured_media":173905,"template":"","meta":{"_seopress_robots_primary_cat":"none","_seopress_titles_title":"","_seopress_titles_desc":"","_seopress_robots_index":"","_seopress_analysis_target_kw":""},"product_brand":[],"product_cat":[253,326,472],"product_tag":[],"class_list":{"0":"post-174226","1":"product","2":"type-product","3":"status-publish","4":"has-post-thumbnail","6":"product_cat-hemden","7":"product_cat-hemden-mit-rundhalsausschnitt","8":"product_cat-mann-de","9":"pa_taglia-48-de","10":"pa_taglia-50-de","11":"pa_taglia-52-de","12":"pa_taglia-54-de","13":"pa_taglia-56-de","14":"pa_taglia-58-de","16":"first","17":"instock","18":"sold-individually","19":"shipping-taxable","20":"purchasable","21":"product-type-variable","22":"has-default-attributes"},"_links":{"self":[{"href":"https:\/\/osaone.ch\/de\/wp-json\/wp\/v2\/product\/174226","targetHints":{"allow":["GET"]}}],"collection":[{"href":"https:\/\/osaone.ch\/de\/wp-json\/wp\/v2\/product"}],"about":[{"href":"https:\/\/osaone.ch\/de\/wp-json\/wp\/v2\/types\/product"}],"wp:featuredmedia":[{"embeddable":true,"href":"https:\/\/osaone.ch\/de\/wp-json\/wp\/v2\/media\/173905"}],"wp:attachment":[{"href":"https:\/\/osaone.ch\/de\/wp-json\/wp\/v2\/media?parent=174226"}],"wp:term":[{"taxonomy":"product_brand","embeddable":true,"href":"https:\/\/osaone.ch\/de\/wp-json\/wp\/v2\/product_brand?post=174226"},{"taxonomy":"product_cat","embeddable":true,"href":"https:\/\/osaone.ch\/de\/wp-json\/wp\/v2\/product_cat?post=174226"},{"taxonomy":"product_tag","embeddable":true,"href":"https:\/\/osaone.ch\/de\/wp-json\/wp\/v2\/product_tag?post=174226"}],"curies":[{"name":"wp","href":"https:\/\/api.w.org\/{rel}","templated":true}]}}