{"id":196844,"date":"2024-03-11T15:38:44","date_gmt":"2024-03-11T14:38:44","guid":{"rendered":"https:\/\/osaone.ch\/prodotto\/geknoepfte-strickjacke-4\/"},"modified":"2024-08-26T13:16:33","modified_gmt":"2024-08-26T11:16:33","slug":"geknoepfte-strickjacke-4","status":"publish","type":"product","link":"https:\/\/osaone.ch\/de\/produkt\/geknoepfte-strickjacke-4\/","title":{"rendered":"Gekn\u00f6pfte Strickjacke"},"content":{"rendered":"<p>Gestrickte, garngef\u00e4rbte, perlmuttfarbene Kn\u00f6pfe, Farbe GLICINE. Es kann mit dem Rock Art. 222-E2251DGL und dem Mieder Art. 222-E2253DGL kombiniert werden. ZERTIFIZIERTES ITALIENISCHES PRODUKT<\/p>\n","protected":false},"excerpt":{"rendered":"<p>84% Viskose 16% Elit\u00e8<\/p>\n","protected":false},"featured_media":193579,"template":"","meta":{"_seopress_robots_primary_cat":"none","_seopress_titles_title":"","_seopress_titles_desc":"Strickjacke mit Kn\u00f6pfen, gestrickt, garngef\u00e4rbt, Perlmuttkn\u00f6pfe, Farbe GLICINE.\nBei Osa one finden Sie in Italien zertifizierte Kleidungsst\u00fccke aus den besten Garnen.\nKostenloser Versand in der gesamten Schweiz.  ","_seopress_robots_index":""},"product_brand":[],"product_cat":[445,354,316],"product_tag":[],"class_list":{"0":"post-196844","1":"product","2":"type-product","3":"status-publish","4":"has-post-thumbnail","6":"product_cat-frau","7":"product_cat-geknopfte-strickjacke-de","8":"product_cat-strickjacke-de","9":"pa_taglia-44-de","10":"pa_taglia-46-de","11":"pa_taglia-48-de","13":"first","14":"instock","15":"sold-individually","16":"shipping-taxable","17":"purchasable","18":"product-type-variable","19":"has-default-attributes"},"_links":{"self":[{"href":"https:\/\/osaone.ch\/de\/wp-json\/wp\/v2\/product\/196844","targetHints":{"allow":["GET"]}}],"collection":[{"href":"https:\/\/osaone.ch\/de\/wp-json\/wp\/v2\/product"}],"about":[{"href":"https:\/\/osaone.ch\/de\/wp-json\/wp\/v2\/types\/product"}],"wp:featuredmedia":[{"embeddable":true,"href":"https:\/\/osaone.ch\/de\/wp-json\/wp\/v2\/media\/193579"}],"wp:attachment":[{"href":"https:\/\/osaone.ch\/de\/wp-json\/wp\/v2\/media?parent=196844"}],"wp:term":[{"taxonomy":"product_brand","embeddable":true,"href":"https:\/\/osaone.ch\/de\/wp-json\/wp\/v2\/product_brand?post=196844"},{"taxonomy":"product_cat","embeddable":true,"href":"https:\/\/osaone.ch\/de\/wp-json\/wp\/v2\/product_cat?post=196844"},{"taxonomy":"product_tag","embeddable":true,"href":"https:\/\/osaone.ch\/de\/wp-json\/wp\/v2\/product_tag?post=196844"}],"curies":[{"name":"wp","href":"https:\/\/api.w.org\/{rel}","templated":true}]}}