{"id":223738,"date":"2024-10-03T14:04:11","date_gmt":"2024-10-03T12:04:11","guid":{"rendered":"https:\/\/osaone.ch\/prodotto\/strickjacke-wolle\/"},"modified":"2024-10-03T14:04:11","modified_gmt":"2024-10-03T12:04:11","slug":"strickjacke-wolle","status":"publish","type":"product","link":"https:\/\/osaone.ch\/de\/produkt\/strickjacke-wolle\/","title":{"rendered":"Strickjacke &#8211; Wolle"},"content":{"rendered":"<p>Das Kleidungsst\u00fcck hat Taschen, gestrickt, Wolle aus erster Schur, garngef\u00e4rbt, sehr weich, dr\u00fcckt nicht, unter normalen Bedingungen bilden sich keine Punkte.<br \/>\nFarbe: SCHWARZ &#8211; MULTICOLOR ITALIAN CERTIFIED PRODUCT <\/p>\n","protected":false},"excerpt":{"rendered":"<p>100% Merinowolle<\/p>\n","protected":false},"featured_media":223530,"template":"","meta":{"_seopress_robots_primary_cat":"","_seopress_titles_title":"","_seopress_titles_desc":"","_seopress_robots_index":""},"product_brand":[],"product_cat":[472,274,278],"product_tag":[],"class_list":{"0":"post-223738","1":"product","2":"type-product","3":"status-publish","4":"has-post-thumbnail","6":"product_cat-mann-de","7":"product_cat-strickjacke","8":"product_cat-strickjacke-mit-reisverschluss","9":"pa_taglia-48-de","10":"pa_taglia-50-de","11":"pa_taglia-52-de","12":"pa_taglia-54-de","13":"pa_taglia-56-de","14":"pa_taglia-58-de","16":"first","17":"instock","18":"sold-individually","19":"shipping-taxable","20":"purchasable","21":"product-type-variable"},"_links":{"self":[{"href":"https:\/\/osaone.ch\/de\/wp-json\/wp\/v2\/product\/223738","targetHints":{"allow":["GET"]}}],"collection":[{"href":"https:\/\/osaone.ch\/de\/wp-json\/wp\/v2\/product"}],"about":[{"href":"https:\/\/osaone.ch\/de\/wp-json\/wp\/v2\/types\/product"}],"wp:featuredmedia":[{"embeddable":true,"href":"https:\/\/osaone.ch\/de\/wp-json\/wp\/v2\/media\/223530"}],"wp:attachment":[{"href":"https:\/\/osaone.ch\/de\/wp-json\/wp\/v2\/media?parent=223738"}],"wp:term":[{"taxonomy":"product_brand","embeddable":true,"href":"https:\/\/osaone.ch\/de\/wp-json\/wp\/v2\/product_brand?post=223738"},{"taxonomy":"product_cat","embeddable":true,"href":"https:\/\/osaone.ch\/de\/wp-json\/wp\/v2\/product_cat?post=223738"},{"taxonomy":"product_tag","embeddable":true,"href":"https:\/\/osaone.ch\/de\/wp-json\/wp\/v2\/product_tag?post=223738"}],"curies":[{"name":"wp","href":"https:\/\/api.w.org\/{rel}","templated":true}]}}