{"id":223790,"date":"2024-10-03T15:03:04","date_gmt":"2024-10-03T13:03:04","guid":{"rendered":"https:\/\/osaone.ch\/prodotto\/pullover-wolle\/"},"modified":"2024-10-03T15:03:04","modified_gmt":"2024-10-03T13:03:04","slug":"pullover-wolle","status":"publish","type":"product","link":"https:\/\/osaone.ch\/de\/produkt\/pullover-wolle\/","title":{"rendered":"Pullover &#8211; Wolle"},"content":{"rendered":"<p>Der Pullover ist lang und \u00e4hnelt einer Strickjacke, aber er ist mit Perlmuttkn\u00f6pfen angen\u00e4ht. Gestrickt, Wolle aus der ersten Schur, garngef\u00e4rbt, sehr weich, dr\u00fcckt nicht, unter normalen Bedingungen keine Faltenbildung. Farbe: NAVY ZERTIFIZIERTES ITALIENISCHES PRODUKT  &nbsp;<\/p>\n","protected":false},"excerpt":{"rendered":"<p>100% Merinowolle<\/p>\n","protected":false},"featured_media":223590,"template":"","meta":{"_seopress_robots_primary_cat":"","_seopress_titles_title":"","_seopress_titles_desc":"","_seopress_robots_index":""},"product_brand":[],"product_cat":[445,289,291],"product_tag":[],"class_list":{"0":"post-223790","1":"product","2":"type-product","3":"status-publish","4":"has-post-thumbnail","6":"product_cat-frau","7":"product_cat-hemden-de","8":"product_cat-langarmelige-hemden","9":"pa_taglia-44-de","10":"pa_taglia-46-de","11":"pa_taglia-48-de","12":"pa_taglia-50-de","13":"pa_taglia-52-de","14":"pa_taglia-54-de","16":"first","17":"instock","18":"sold-individually","19":"shipping-taxable","20":"purchasable","21":"product-type-variable"},"_links":{"self":[{"href":"https:\/\/osaone.ch\/de\/wp-json\/wp\/v2\/product\/223790","targetHints":{"allow":["GET"]}}],"collection":[{"href":"https:\/\/osaone.ch\/de\/wp-json\/wp\/v2\/product"}],"about":[{"href":"https:\/\/osaone.ch\/de\/wp-json\/wp\/v2\/types\/product"}],"wp:featuredmedia":[{"embeddable":true,"href":"https:\/\/osaone.ch\/de\/wp-json\/wp\/v2\/media\/223590"}],"wp:attachment":[{"href":"https:\/\/osaone.ch\/de\/wp-json\/wp\/v2\/media?parent=223790"}],"wp:term":[{"taxonomy":"product_brand","embeddable":true,"href":"https:\/\/osaone.ch\/de\/wp-json\/wp\/v2\/product_brand?post=223790"},{"taxonomy":"product_cat","embeddable":true,"href":"https:\/\/osaone.ch\/de\/wp-json\/wp\/v2\/product_cat?post=223790"},{"taxonomy":"product_tag","embeddable":true,"href":"https:\/\/osaone.ch\/de\/wp-json\/wp\/v2\/product_tag?post=223790"}],"curies":[{"name":"wp","href":"https:\/\/api.w.org\/{rel}","templated":true}]}}