{"id":33366,"date":"2017-07-11T14:23:24","date_gmt":"2017-07-11T12:23:24","guid":{"rendered":"https:\/\/osaone.ch\/prodotto\/poloshirt-mit-kurzen-aermeln\/"},"modified":"2023-08-07T16:41:12","modified_gmt":"2023-08-07T14:41:12","slug":"polo-mania-corta","status":"publish","type":"product","link":"https:\/\/osaone.ch\/de\/produkt\/polo-mania-corta\/","title":{"rendered":"Poloshirt mit kurzen \u00c4rmeln"},"content":{"rendered":"<p>Gestrickte, garngef\u00e4rbte Baumwolle, Reiskornstich, Farbe NAVY, Kragen, \u00c4rmel- und Taillenrand in WEISS.<\/p>\n<p>ZERTIFIZIERTES ITALIENISCHES PRODUKT<\/p>\n","protected":false},"excerpt":{"rendered":"<p>MM Poloshirt Mak\u00f2 aus 100% Baumwolle<\/p>\n","protected":false},"featured_media":122694,"template":"","meta":{"_seopress_robots_primary_cat":"none","_seopress_titles_title":"","_seopress_titles_desc":"","_seopress_robots_index":"","_seopress_analysis_target_kw":""},"product_brand":[],"product_cat":[332],"product_tag":[],"class_list":{"0":"post-33366","1":"product","2":"type-product","3":"status-publish","4":"has-post-thumbnail","6":"product_cat-polo-de","7":"pa_taglia-52-de","8":"pa_taglia-54-de","9":"pa_taglia-56-de","10":"pa_taglia-58-de","11":"pa_taglia-60-de","13":"first","14":"instock","15":"shipping-taxable","16":"purchasable","17":"product-type-variable"},"_links":{"self":[{"href":"https:\/\/osaone.ch\/de\/wp-json\/wp\/v2\/product\/33366","targetHints":{"allow":["GET"]}}],"collection":[{"href":"https:\/\/osaone.ch\/de\/wp-json\/wp\/v2\/product"}],"about":[{"href":"https:\/\/osaone.ch\/de\/wp-json\/wp\/v2\/types\/product"}],"wp:featuredmedia":[{"embeddable":true,"href":"https:\/\/osaone.ch\/de\/wp-json\/wp\/v2\/media\/122694"}],"wp:attachment":[{"href":"https:\/\/osaone.ch\/de\/wp-json\/wp\/v2\/media?parent=33366"}],"wp:term":[{"taxonomy":"product_brand","embeddable":true,"href":"https:\/\/osaone.ch\/de\/wp-json\/wp\/v2\/product_brand?post=33366"},{"taxonomy":"product_cat","embeddable":true,"href":"https:\/\/osaone.ch\/de\/wp-json\/wp\/v2\/product_cat?post=33366"},{"taxonomy":"product_tag","embeddable":true,"href":"https:\/\/osaone.ch\/de\/wp-json\/wp\/v2\/product_tag?post=33366"}],"curies":[{"name":"wp","href":"https:\/\/api.w.org\/{rel}","templated":true}]}}