{"id":33542,"date":"2019-05-10T14:52:20","date_gmt":"2019-05-10T12:52:20","guid":{"rendered":"https:\/\/osaone.ch\/prodotto\/strickjacke-mit-reissverschluss\/"},"modified":"2022-11-21T11:53:36","modified_gmt":"2022-11-21T10:53:36","slug":"strickjacke-zip-6","status":"publish","type":"product","link":"https:\/\/osaone.ch\/de\/produkt\/strickjacke-zip-6\/","title":{"rendered":"Strickjacke mit Rei\u00dfverschluss"},"content":{"rendered":"<p>Gestrickt, Wolle aus der ersten Schur, garngef\u00e4rbt, sehr weich, dr\u00fcckt nicht, unter normalen Bedingungen keine Faltenbildung.<\/p>\n<p>ZERTIFIZIERTES ITALIENISCHES PRODUKT<\/p>\n","protected":false},"excerpt":{"rendered":"<p>100% Merinowolle<\/p>\n","protected":false},"featured_media":50603,"template":"","meta":{"_seopress_robots_primary_cat":"none","_seopress_titles_title":"","_seopress_titles_desc":"","_seopress_robots_index":""},"product_brand":[],"product_cat":[274,278],"product_tag":[],"class_list":{"0":"post-33542","1":"product","2":"type-product","3":"status-publish","4":"has-post-thumbnail","6":"product_cat-strickjacke","7":"product_cat-strickjacke-mit-reisverschluss","8":"pa_taglia-48-de","9":"pa_taglia-54-de","10":"pa_taglia-56-de","11":"pa_taglia-58-de","13":"first","14":"instock","15":"shipping-taxable","16":"purchasable","17":"product-type-variable"},"_links":{"self":[{"href":"https:\/\/osaone.ch\/de\/wp-json\/wp\/v2\/product\/33542","targetHints":{"allow":["GET"]}}],"collection":[{"href":"https:\/\/osaone.ch\/de\/wp-json\/wp\/v2\/product"}],"about":[{"href":"https:\/\/osaone.ch\/de\/wp-json\/wp\/v2\/types\/product"}],"wp:featuredmedia":[{"embeddable":true,"href":"https:\/\/osaone.ch\/de\/wp-json\/wp\/v2\/media\/50603"}],"wp:attachment":[{"href":"https:\/\/osaone.ch\/de\/wp-json\/wp\/v2\/media?parent=33542"}],"wp:term":[{"taxonomy":"product_brand","embeddable":true,"href":"https:\/\/osaone.ch\/de\/wp-json\/wp\/v2\/product_brand?post=33542"},{"taxonomy":"product_cat","embeddable":true,"href":"https:\/\/osaone.ch\/de\/wp-json\/wp\/v2\/product_cat?post=33542"},{"taxonomy":"product_tag","embeddable":true,"href":"https:\/\/osaone.ch\/de\/wp-json\/wp\/v2\/product_tag?post=33542"}],"curies":[{"name":"wp","href":"https:\/\/api.w.org\/{rel}","templated":true}]}}