{"id":33609,"date":"2019-05-29T15:52:06","date_gmt":"2019-05-29T13:52:06","guid":{"rendered":"https:\/\/osaone.ch\/prodotto\/polo\/"},"modified":"2024-10-31T11:22:16","modified_gmt":"2024-10-31T10:22:16","slug":"pol-2","status":"publish","type":"product","link":"https:\/\/osaone.ch\/de\/produkt\/pol-2\/","title":{"rendered":"Polo &#8211; Wolle"},"content":{"rendered":"<p>Gestrickt, Wolle aus erster Schur, garngef\u00e4rbt, Perlmuttkn\u00f6pfe, sehr weich, dr\u00fcckt nicht, unter normalen Bedingungen keine Faltenbildung. ZERTIFIZIERTES ITALIENISCHES PRODUKT<\/p>\n","protected":false},"excerpt":{"rendered":"<p>100% Merinowolle<\/p>\n","protected":false},"featured_media":122719,"template":"","meta":{"_seopress_robots_primary_cat":"none","_seopress_titles_title":"","_seopress_titles_desc":"","_seopress_robots_index":""},"product_brand":[],"product_cat":[332],"product_tag":[],"class_list":{"0":"post-33609","1":"product","2":"type-product","3":"status-publish","4":"has-post-thumbnail","6":"product_cat-polo-de","7":"pa_taglia-2xl-de","8":"pa_taglia-3xl-de","9":"pa_taglia-l-de","10":"pa_taglia-m-de","11":"pa_taglia-s-de","12":"pa_taglia-xl-de","14":"first","15":"instock","16":"shipping-taxable","17":"purchasable","18":"product-type-variable","19":"has-default-attributes"},"_links":{"self":[{"href":"https:\/\/osaone.ch\/de\/wp-json\/wp\/v2\/product\/33609","targetHints":{"allow":["GET"]}}],"collection":[{"href":"https:\/\/osaone.ch\/de\/wp-json\/wp\/v2\/product"}],"about":[{"href":"https:\/\/osaone.ch\/de\/wp-json\/wp\/v2\/types\/product"}],"wp:featuredmedia":[{"embeddable":true,"href":"https:\/\/osaone.ch\/de\/wp-json\/wp\/v2\/media\/122719"}],"wp:attachment":[{"href":"https:\/\/osaone.ch\/de\/wp-json\/wp\/v2\/media?parent=33609"}],"wp:term":[{"taxonomy":"product_brand","embeddable":true,"href":"https:\/\/osaone.ch\/de\/wp-json\/wp\/v2\/product_brand?post=33609"},{"taxonomy":"product_cat","embeddable":true,"href":"https:\/\/osaone.ch\/de\/wp-json\/wp\/v2\/product_cat?post=33609"},{"taxonomy":"product_tag","embeddable":true,"href":"https:\/\/osaone.ch\/de\/wp-json\/wp\/v2\/product_tag?post=33609"}],"curies":[{"name":"wp","href":"https:\/\/api.w.org\/{rel}","templated":true}]}}