{"id":33726,"date":"2019-06-11T15:47:02","date_gmt":"2019-06-11T13:47:02","guid":{"rendered":"https:\/\/osaone.ch\/prodotto\/strickjacke-mit-reissverschluss\/"},"modified":"2026-05-01T05:51:49","modified_gmt":"2026-05-01T03:51:49","slug":"strickjacke-zip-11","status":"publish","type":"product","link":"https:\/\/osaone.ch\/de\/produkt\/strickjacke-zip-11\/","title":{"rendered":"Strickjacke &#8211; Baumwolle"},"content":{"rendered":"<p><span lang=\"IT\">Strickjacke mit durchgehendem Rei\u00dfverschluss, gestrickt mit verschiedenen Maschenarten, garngef\u00e4rbte Baumwolle, wei\u00dfe N\u00e4hte.<\/span><\/p>\n<p><span lang=\"IT\">Mit der Hand oder in der Maschine waschbar mit Programmen und Waschmittel f\u00fcr empfindliche Kleidungsst\u00fccke.<\/span><\/p>\n<p><span lang=\"IT\">Farbe: Marineblau &#8211; Wei\u00df<\/span><\/p>\n<p><span lang=\"IT\">ZERTIFIZIERTES ITALIENISCHES PRODUKT<\/span><\/p>\n","protected":false},"excerpt":{"rendered":"<p>100% Baumwolle Mak\u00f2<\/p>\n","protected":false},"featured_media":96365,"template":"","meta":{"_seopress_robots_primary_cat":"none","_seopress_titles_title":"","_seopress_titles_desc":"","_seopress_robots_index":""},"product_brand":[],"product_cat":[274,278],"product_tag":[],"class_list":{"0":"post-33726","1":"product","2":"type-product","3":"status-publish","4":"has-post-thumbnail","6":"product_cat-strickjacke","7":"product_cat-strickjacke-mit-reisverschluss","8":"pa_taglia-48-de","9":"pa_taglia-52-de","10":"pa_taglia-54-de","11":"pa_taglia-56-de","12":"pa_taglia-58-de","14":"first","15":"instock","16":"shipping-taxable","17":"purchasable","18":"product-type-variable","19":"has-default-attributes"},"_links":{"self":[{"href":"https:\/\/osaone.ch\/de\/wp-json\/wp\/v2\/product\/33726","targetHints":{"allow":["GET"]}}],"collection":[{"href":"https:\/\/osaone.ch\/de\/wp-json\/wp\/v2\/product"}],"about":[{"href":"https:\/\/osaone.ch\/de\/wp-json\/wp\/v2\/types\/product"}],"wp:featuredmedia":[{"embeddable":true,"href":"https:\/\/osaone.ch\/de\/wp-json\/wp\/v2\/media\/96365"}],"wp:attachment":[{"href":"https:\/\/osaone.ch\/de\/wp-json\/wp\/v2\/media?parent=33726"}],"wp:term":[{"taxonomy":"product_brand","embeddable":true,"href":"https:\/\/osaone.ch\/de\/wp-json\/wp\/v2\/product_brand?post=33726"},{"taxonomy":"product_cat","embeddable":true,"href":"https:\/\/osaone.ch\/de\/wp-json\/wp\/v2\/product_cat?post=33726"},{"taxonomy":"product_tag","embeddable":true,"href":"https:\/\/osaone.ch\/de\/wp-json\/wp\/v2\/product_tag?post=33726"}],"curies":[{"name":"wp","href":"https:\/\/api.w.org\/{rel}","templated":true}]}}