{"id":33996,"date":"2019-07-16T13:59:56","date_gmt":"2019-07-16T11:59:56","guid":{"rendered":"https:\/\/osaone.ch\/prodotto\/strickjacke-mit-durchgehendem-reissverschluss\/"},"modified":"2022-11-21T09:32:32","modified_gmt":"2022-11-21T08:32:32","slug":"cardigan-zip-interlace-4","status":"publish","type":"product","link":"https:\/\/osaone.ch\/de\/produkt\/cardigan-zip-interlace-4\/","title":{"rendered":"Strickjacke mit durchgehendem Rei\u00dfverschluss"},"content":{"rendered":"<p>Gestrickt, Wolle aus erster Schur, garngef\u00e4rbt, sehr weich, kein Kneifen, unter normalen Bedingungen kein Faltenwurf, einfarbiger R\u00fccken.<\/p>\n<p>ZERTIFIZIERTES ITALIENISCHES PRODUKT<\/p>\n<p><img decoding=\"async\" data-src=\"https:\/\/osaone.ch\/wp-content\/uploads\/images\/stories\/icone\/Taglie-Donna.jpg\" alt=\"Gr\u00f6\u00dfen f\u00fcr Frauen\" src=\"data:image\/svg+xml;base64,PHN2ZyB3aWR0aD0iMSIgaGVpZ2h0PSIxIiB4bWxucz0iaHR0cDovL3d3dy53My5vcmcvMjAwMC9zdmciPjwvc3ZnPg==\" class=\"lazyload\" style=\"--smush-placeholder-width: 919px; --smush-placeholder-aspect-ratio: 919\/589;\"><\/p>\n","protected":false},"excerpt":{"rendered":"<p>100% Merinowolle<\/p>\n","protected":false},"featured_media":32781,"template":"","meta":{"_seopress_robots_primary_cat":"none","_seopress_titles_title":"","_seopress_titles_desc":"","_seopress_robots_index":""},"product_brand":[],"product_cat":[316,347],"product_tag":[],"class_list":{"0":"post-33996","1":"product","2":"type-product","3":"status-publish","4":"has-post-thumbnail","6":"product_cat-strickjacke-de","7":"product_cat-strickjacke-mit-reisverschluss-de","8":"pa_taglia-48-de","9":"pa_taglia-50-de","10":"pa_taglia-52-de","11":"pa_taglia-54-de","12":"pa_taglia-56-de","14":"first","15":"instock","16":"shipping-taxable","17":"purchasable","18":"product-type-variable","19":"has-default-attributes"},"_links":{"self":[{"href":"https:\/\/osaone.ch\/de\/wp-json\/wp\/v2\/product\/33996","targetHints":{"allow":["GET"]}}],"collection":[{"href":"https:\/\/osaone.ch\/de\/wp-json\/wp\/v2\/product"}],"about":[{"href":"https:\/\/osaone.ch\/de\/wp-json\/wp\/v2\/types\/product"}],"wp:featuredmedia":[{"embeddable":true,"href":"https:\/\/osaone.ch\/de\/wp-json\/wp\/v2\/media\/32781"}],"wp:attachment":[{"href":"https:\/\/osaone.ch\/de\/wp-json\/wp\/v2\/media?parent=33996"}],"wp:term":[{"taxonomy":"product_brand","embeddable":true,"href":"https:\/\/osaone.ch\/de\/wp-json\/wp\/v2\/product_brand?post=33996"},{"taxonomy":"product_cat","embeddable":true,"href":"https:\/\/osaone.ch\/de\/wp-json\/wp\/v2\/product_cat?post=33996"},{"taxonomy":"product_tag","embeddable":true,"href":"https:\/\/osaone.ch\/de\/wp-json\/wp\/v2\/product_tag?post=33996"}],"curies":[{"name":"wp","href":"https:\/\/api.w.org\/{rel}","templated":true}]}}