{"id":34160,"date":"2020-05-03T16:42:49","date_gmt":"2020-05-03T14:42:49","guid":{"rendered":"https:\/\/osaone.ch\/prodotto\/lange-strickjacke-mit-knoepfen\/"},"modified":"2022-11-21T09:32:27","modified_gmt":"2022-11-21T08:32:27","slug":"strickjacke-knopf-lange-woll-armel-in-lurex-schwarz","status":"publish","type":"product","link":"https:\/\/osaone.ch\/de\/produkt\/strickjacke-knopf-lange-woll-armel-in-lurex-schwarz\/","title":{"rendered":"Lange Strickjacke mit Kn\u00f6pfen"},"content":{"rendered":"<p>Gestrickt, Wolle aus erster Schur, garngef\u00e4rbt, sehr weich, dr\u00fcckt nicht.<\/p>\n<p>Die Strickjacke hat Taschen und Verarbeitung entlang der Profile und am Ende der Strick- und Lurex\u00e4rmel.<\/p>\n<p>ZERTIFIZIERTES ITALIENISCHES PRODUKT<\/p>\n","protected":false},"excerpt":{"rendered":"<p>45% Merino, 28% Viskose, 10% Kaschmir, 17% Pl<\/p>\n","protected":false},"featured_media":32769,"template":"","meta":{"_seopress_robots_primary_cat":"none","_seopress_titles_title":"","_seopress_titles_desc":"","_seopress_robots_index":""},"product_brand":[],"product_cat":[354,316],"product_tag":[],"class_list":{"0":"post-34160","1":"product","2":"type-product","3":"status-publish","4":"has-post-thumbnail","6":"product_cat-geknopfte-strickjacke-de","7":"product_cat-strickjacke-de","8":"pa_taglia-46-de","9":"pa_taglia-48-de","10":"pa_taglia-50-de","11":"pa_taglia-52-de","12":"pa_taglia-54-de","14":"first","15":"instock","16":"shipping-taxable","17":"purchasable","18":"product-type-variable","19":"has-default-attributes"},"_links":{"self":[{"href":"https:\/\/osaone.ch\/de\/wp-json\/wp\/v2\/product\/34160","targetHints":{"allow":["GET"]}}],"collection":[{"href":"https:\/\/osaone.ch\/de\/wp-json\/wp\/v2\/product"}],"about":[{"href":"https:\/\/osaone.ch\/de\/wp-json\/wp\/v2\/types\/product"}],"wp:featuredmedia":[{"embeddable":true,"href":"https:\/\/osaone.ch\/de\/wp-json\/wp\/v2\/media\/32769"}],"wp:attachment":[{"href":"https:\/\/osaone.ch\/de\/wp-json\/wp\/v2\/media?parent=34160"}],"wp:term":[{"taxonomy":"product_brand","embeddable":true,"href":"https:\/\/osaone.ch\/de\/wp-json\/wp\/v2\/product_brand?post=34160"},{"taxonomy":"product_cat","embeddable":true,"href":"https:\/\/osaone.ch\/de\/wp-json\/wp\/v2\/product_cat?post=34160"},{"taxonomy":"product_tag","embeddable":true,"href":"https:\/\/osaone.ch\/de\/wp-json\/wp\/v2\/product_tag?post=34160"}],"curies":[{"name":"wp","href":"https:\/\/api.w.org\/{rel}","templated":true}]}}