{"id":34290,"date":"2021-04-13T12:20:39","date_gmt":"2021-04-13T10:20:39","guid":{"rendered":"https:\/\/osaone.ch\/prodotto\/geknoepfte-strickjacke\/"},"modified":"2022-11-21T09:26:40","modified_gmt":"2022-11-21T08:26:40","slug":"strickjacke-knopf-swarowski-violett","status":"publish","type":"product","link":"https:\/\/osaone.ch\/de\/produkt\/strickjacke-knopf-swarowski-violett\/","title":{"rendered":"Gekn\u00f6pfte Strickjacke"},"content":{"rendered":"<p>Gestrickt, garngef\u00e4rbt, Swarowski-Kn\u00f6pfe, verschiedene Stiche.<\/p>\n<p>ZERTIFIZIERTES ITALIENISCHES PRODUKT<\/p>\n","protected":false},"excerpt":{"rendered":"<p>100% Baumwolle Mak\u00f2<\/p>\n","protected":false},"featured_media":32745,"template":"","meta":{"_seopress_robots_primary_cat":"none","_seopress_titles_title":"","_seopress_titles_desc":"","_seopress_robots_index":""},"product_brand":[],"product_cat":[354,316],"product_tag":[],"class_list":{"0":"post-34290","1":"product","2":"type-product","3":"status-publish","4":"has-post-thumbnail","6":"product_cat-geknopfte-strickjacke-de","7":"product_cat-strickjacke-de","8":"pa_taglia-42-de","9":"pa_taglia-44-de","10":"pa_taglia-46-de","11":"pa_taglia-48-de","12":"pa_taglia-50-de","14":"first","15":"instock","16":"shipping-taxable","17":"purchasable","18":"product-type-variable","19":"has-default-attributes"},"_links":{"self":[{"href":"https:\/\/osaone.ch\/de\/wp-json\/wp\/v2\/product\/34290","targetHints":{"allow":["GET"]}}],"collection":[{"href":"https:\/\/osaone.ch\/de\/wp-json\/wp\/v2\/product"}],"about":[{"href":"https:\/\/osaone.ch\/de\/wp-json\/wp\/v2\/types\/product"}],"wp:featuredmedia":[{"embeddable":true,"href":"https:\/\/osaone.ch\/de\/wp-json\/wp\/v2\/media\/32745"}],"wp:attachment":[{"href":"https:\/\/osaone.ch\/de\/wp-json\/wp\/v2\/media?parent=34290"}],"wp:term":[{"taxonomy":"product_brand","embeddable":true,"href":"https:\/\/osaone.ch\/de\/wp-json\/wp\/v2\/product_brand?post=34290"},{"taxonomy":"product_cat","embeddable":true,"href":"https:\/\/osaone.ch\/de\/wp-json\/wp\/v2\/product_cat?post=34290"},{"taxonomy":"product_tag","embeddable":true,"href":"https:\/\/osaone.ch\/de\/wp-json\/wp\/v2\/product_tag?post=34290"}],"curies":[{"name":"wp","href":"https:\/\/api.w.org\/{rel}","templated":true}]}}