{"id":34318,"date":"2021-09-10T12:47:50","date_gmt":"2021-09-10T10:47:50","guid":{"rendered":"https:\/\/osaone.ch\/prodotto\/t-shirt-mm\/"},"modified":"2022-11-21T15:56:26","modified_gmt":"2022-11-21T14:56:26","slug":"t-shirt-mm-druck-vorne-hinten-sehr-fein","status":"publish","type":"product","link":"https:\/\/osaone.ch\/de\/produkt\/t-shirt-mm-druck-vorne-hinten-sehr-fein\/","title":{"rendered":"T-Shirt mm"},"content":{"rendered":"<p>Gestrickt, auf Vorder- und R\u00fcckseite bedruckt, bleiben die Farben auch nach vielen W\u00e4schen unver\u00e4ndert. Das Kleidungsst\u00fcck ist sehr fein und leicht. Es kann mit einer Strickjacke kombiniert werden.<\/p>\n<p>ZERTIFIZIERTES ITALIENISCHES PRODUKT<\/p>\n","protected":false},"excerpt":{"rendered":"<p>84% Viskose 16% Elit\u00e8<\/p>\n","protected":false},"featured_media":31938,"template":"","meta":{"_seopress_robots_primary_cat":"none","_seopress_titles_title":"","_seopress_titles_desc":"","_seopress_robots_index":""},"product_brand":[],"product_cat":[340,289],"product_tag":[],"class_list":{"0":"post-34318","1":"product","2":"type-product","3":"status-publish","4":"has-post-thumbnail","6":"product_cat-halbarmige-hemden","7":"product_cat-hemden-de","8":"pa_taglia-42-de","9":"pa_taglia-44-de","10":"pa_taglia-46-de","11":"pa_taglia-48-de","12":"pa_taglia-50-de","13":"pa_taglia-52-de","15":"first","16":"instock","17":"shipping-taxable","18":"purchasable","19":"product-type-variable","20":"has-default-attributes"},"_links":{"self":[{"href":"https:\/\/osaone.ch\/de\/wp-json\/wp\/v2\/product\/34318","targetHints":{"allow":["GET"]}}],"collection":[{"href":"https:\/\/osaone.ch\/de\/wp-json\/wp\/v2\/product"}],"about":[{"href":"https:\/\/osaone.ch\/de\/wp-json\/wp\/v2\/types\/product"}],"wp:featuredmedia":[{"embeddable":true,"href":"https:\/\/osaone.ch\/de\/wp-json\/wp\/v2\/media\/31938"}],"wp:attachment":[{"href":"https:\/\/osaone.ch\/de\/wp-json\/wp\/v2\/media?parent=34318"}],"wp:term":[{"taxonomy":"product_brand","embeddable":true,"href":"https:\/\/osaone.ch\/de\/wp-json\/wp\/v2\/product_brand?post=34318"},{"taxonomy":"product_cat","embeddable":true,"href":"https:\/\/osaone.ch\/de\/wp-json\/wp\/v2\/product_cat?post=34318"},{"taxonomy":"product_tag","embeddable":true,"href":"https:\/\/osaone.ch\/de\/wp-json\/wp\/v2\/product_tag?post=34318"}],"curies":[{"name":"wp","href":"https:\/\/api.w.org\/{rel}","templated":true}]}}