{"id":34320,"date":"2021-06-24T12:42:54","date_gmt":"2021-06-24T10:42:54","guid":{"rendered":"https:\/\/osaone.ch\/prodotto\/jacke-mit-taschen\/"},"modified":"2022-11-21T15:56:21","modified_gmt":"2022-11-21T14:56:21","slug":"jacke-vorne-und-hinten-druck","status":"publish","type":"product","link":"https:\/\/osaone.ch\/de\/produkt\/jacke-vorne-und-hinten-druck\/","title":{"rendered":"Jacke mit Taschen"},"content":{"rendered":"<p>Gestrickt, auf Vorder- und R\u00fcckseite bedruckt, bleiben die Farben auch nach vielen W\u00e4schen unver\u00e4ndert.<\/p>\n<p>ZERTIFIZIERTES ITALIENISCHES PRODUKT<\/p>\n","protected":false},"excerpt":{"rendered":"<p>84% Viskose 16% Elit\u00e9<\/p>\n","protected":false},"featured_media":188375,"template":"","meta":{"_seopress_robots_primary_cat":"none","_seopress_titles_title":"","_seopress_titles_desc":"","_seopress_robots_index":""},"product_brand":[],"product_cat":[384],"product_tag":[],"class_list":{"0":"post-34320","1":"product","2":"type-product","3":"status-publish","4":"has-post-thumbnail","6":"product_cat-jacken-de","7":"pa_taglia-44-de","8":"pa_taglia-48-de","10":"first","11":"instock","12":"shipping-taxable","13":"purchasable","14":"product-type-variable","15":"has-default-attributes"},"_links":{"self":[{"href":"https:\/\/osaone.ch\/de\/wp-json\/wp\/v2\/product\/34320","targetHints":{"allow":["GET"]}}],"collection":[{"href":"https:\/\/osaone.ch\/de\/wp-json\/wp\/v2\/product"}],"about":[{"href":"https:\/\/osaone.ch\/de\/wp-json\/wp\/v2\/types\/product"}],"wp:featuredmedia":[{"embeddable":true,"href":"https:\/\/osaone.ch\/de\/wp-json\/wp\/v2\/media\/188375"}],"wp:attachment":[{"href":"https:\/\/osaone.ch\/de\/wp-json\/wp\/v2\/media?parent=34320"}],"wp:term":[{"taxonomy":"product_brand","embeddable":true,"href":"https:\/\/osaone.ch\/de\/wp-json\/wp\/v2\/product_brand?post=34320"},{"taxonomy":"product_cat","embeddable":true,"href":"https:\/\/osaone.ch\/de\/wp-json\/wp\/v2\/product_cat?post=34320"},{"taxonomy":"product_tag","embeddable":true,"href":"https:\/\/osaone.ch\/de\/wp-json\/wp\/v2\/product_tag?post=34320"}],"curies":[{"name":"wp","href":"https:\/\/api.w.org\/{rel}","templated":true}]}}