{"id":34408,"date":"2021-10-21T12:49:56","date_gmt":"2021-10-21T10:49:56","guid":{"rendered":"https:\/\/osaone.ch\/prodotto\/kurzaermeliges-t-shirt\/"},"modified":"2022-11-21T15:55:29","modified_gmt":"2022-11-21T14:55:29","slug":"kurzarm-t-shirt","status":"publish","type":"product","link":"https:\/\/osaone.ch\/de\/produkt\/kurzarm-t-shirt\/","title":{"rendered":"Kurz\u00e4rmeliges T-Shirt"},"content":{"rendered":"<p>Gestrickt, vorne und hinten bedruckt, Lurexf\u00e4den und Muster sind in die Verarbeitung eingearbeitet, die Farben bleiben auch nach vielen W\u00e4schen unver\u00e4ndert.<\/p>\n<p>ZERTIFIZIERTES ITALIENISCHES PRODUKT<\/p>\n","protected":false},"excerpt":{"rendered":"<p>84% Viskose 16% Elit\u00e8<\/p>\n","protected":false},"featured_media":31974,"template":"","meta":{"_seopress_robots_primary_cat":"none","_seopress_titles_title":"","_seopress_titles_desc":"","_seopress_robots_index":""},"product_brand":[],"product_cat":[337,289],"product_tag":[],"class_list":{"0":"post-34408","1":"product","2":"type-product","3":"status-publish","4":"has-post-thumbnail","6":"product_cat-andere-typen-de","7":"product_cat-hemden-de","8":"pa_taglia-44-de","9":"pa_taglia-46-de","10":"pa_taglia-48-de","11":"pa_taglia-50-de","12":"pa_taglia-52-de","14":"first","15":"instock","16":"shipping-taxable","17":"purchasable","18":"product-type-variable","19":"has-default-attributes"},"_links":{"self":[{"href":"https:\/\/osaone.ch\/de\/wp-json\/wp\/v2\/product\/34408","targetHints":{"allow":["GET"]}}],"collection":[{"href":"https:\/\/osaone.ch\/de\/wp-json\/wp\/v2\/product"}],"about":[{"href":"https:\/\/osaone.ch\/de\/wp-json\/wp\/v2\/types\/product"}],"wp:featuredmedia":[{"embeddable":true,"href":"https:\/\/osaone.ch\/de\/wp-json\/wp\/v2\/media\/31974"}],"wp:attachment":[{"href":"https:\/\/osaone.ch\/de\/wp-json\/wp\/v2\/media?parent=34408"}],"wp:term":[{"taxonomy":"product_brand","embeddable":true,"href":"https:\/\/osaone.ch\/de\/wp-json\/wp\/v2\/product_brand?post=34408"},{"taxonomy":"product_cat","embeddable":true,"href":"https:\/\/osaone.ch\/de\/wp-json\/wp\/v2\/product_cat?post=34408"},{"taxonomy":"product_tag","embeddable":true,"href":"https:\/\/osaone.ch\/de\/wp-json\/wp\/v2\/product_tag?post=34408"}],"curies":[{"name":"wp","href":"https:\/\/api.w.org\/{rel}","templated":true}]}}