{"id":34517,"date":"2021-10-22T11:48:47","date_gmt":"2021-10-22T09:48:47","guid":{"rendered":"https:\/\/osaone.ch\/prodotto\/rock\/"},"modified":"2022-11-21T09:34:46","modified_gmt":"2022-11-21T08:34:46","slug":"rock-aus-gefarbter-wolle","status":"publish","type":"product","link":"https:\/\/osaone.ch\/de\/produkt\/rock-aus-gefarbter-wolle\/","title":{"rendered":"Rock"},"content":{"rendered":"<p>Gestrickt, Wolle aus der ersten Schur, garngef\u00e4rbt, sehr weich, dr\u00fcckt nicht, unter normalen Bedingungen keine Faltenbildung.<\/p>\n<p>L\u00e4nge, f\u00fcr eine 160 cm gro\u00dfe Frau, liegt unterhalb des Knies und hat einen Gummizug in der Taille.<\/p>\n<p>ZERTIFIZIERTES ITALIENISCHES PRODUKT<\/p>\n","protected":false},"excerpt":{"rendered":"<p>100% Merinowolle<\/p>\n","protected":false},"featured_media":178189,"template":"","meta":{"_seopress_robots_primary_cat":"none","_seopress_titles_title":"","_seopress_titles_desc":"","_seopress_robots_index":"","_seopress_analysis_target_kw":""},"product_brand":[],"product_cat":[397],"product_tag":[],"class_list":{"0":"post-34517","1":"product","2":"type-product","3":"status-publish","4":"has-post-thumbnail","6":"product_cat-die-rocke","7":"pa_taglia-42-de","8":"pa_taglia-44-de","9":"pa_taglia-46-de","10":"pa_taglia-48-de","11":"pa_taglia-50-de","12":"pa_taglia-52-de","13":"pa_taglia-54-de","15":"first","16":"instock","17":"shipping-taxable","18":"purchasable","19":"product-type-variable"},"_links":{"self":[{"href":"https:\/\/osaone.ch\/de\/wp-json\/wp\/v2\/product\/34517","targetHints":{"allow":["GET"]}}],"collection":[{"href":"https:\/\/osaone.ch\/de\/wp-json\/wp\/v2\/product"}],"about":[{"href":"https:\/\/osaone.ch\/de\/wp-json\/wp\/v2\/types\/product"}],"wp:featuredmedia":[{"embeddable":true,"href":"https:\/\/osaone.ch\/de\/wp-json\/wp\/v2\/media\/178189"}],"wp:attachment":[{"href":"https:\/\/osaone.ch\/de\/wp-json\/wp\/v2\/media?parent=34517"}],"wp:term":[{"taxonomy":"product_brand","embeddable":true,"href":"https:\/\/osaone.ch\/de\/wp-json\/wp\/v2\/product_brand?post=34517"},{"taxonomy":"product_cat","embeddable":true,"href":"https:\/\/osaone.ch\/de\/wp-json\/wp\/v2\/product_cat?post=34517"},{"taxonomy":"product_tag","embeddable":true,"href":"https:\/\/osaone.ch\/de\/wp-json\/wp\/v2\/product_tag?post=34517"}],"curies":[{"name":"wp","href":"https:\/\/api.w.org\/{rel}","templated":true}]}}