{"id":34581,"date":"2021-12-07T16:12:20","date_gmt":"2021-12-07T15:12:20","guid":{"rendered":"https:\/\/osaone.ch\/prodotto\/umkehrbarer-rundhalsausschnitt\/"},"modified":"2022-11-21T09:34:54","modified_gmt":"2022-11-21T08:34:54","slug":"rundhalsausschnitt-umkehrbar-weiche-wolle-gefarbt-im-faden","status":"publish","type":"product","link":"https:\/\/osaone.ch\/de\/produkt\/rundhalsausschnitt-umkehrbar-weiche-wolle-gefarbt-im-faden\/","title":{"rendered":"Umkehrbarer Rundhalsausschnitt"},"content":{"rendered":"<p>Gestrickt, garngef\u00e4rbt, Wolle aus erster Schur, sehr weich, kein Kneifen, bei normalem Gebrauch ohne Reiben kein Pilling.<\/p>\n<p>Das Model ist 1,70 cm gro\u00df &#8211; tr\u00e4gt Gr\u00f6\u00dfe L-46.<\/p>\n<p>ZERTIFIZIERTES ITALIENISCHES PRODUKT<\/p>\n","protected":false},"excerpt":{"rendered":"<p>100% extrafeine Merinowolle<\/p>\n","protected":false},"featured_media":33267,"template":"","meta":{"_seopress_robots_primary_cat":"none","_seopress_titles_title":"","_seopress_titles_desc":"","_seopress_robots_index":""},"product_brand":[],"product_cat":[289,291],"product_tag":[],"class_list":{"0":"post-34581","1":"product","2":"type-product","3":"status-publish","4":"has-post-thumbnail","6":"product_cat-hemden-de","7":"product_cat-langarmelige-hemden","8":"pa_taglia-2xl-de","9":"pa_taglia-l-de","10":"pa_taglia-m-de","11":"pa_taglia-s-de","12":"pa_taglia-xl-de","14":"first","15":"instock","16":"shipping-taxable","17":"purchasable","18":"product-type-variable","19":"has-default-attributes"},"_links":{"self":[{"href":"https:\/\/osaone.ch\/de\/wp-json\/wp\/v2\/product\/34581","targetHints":{"allow":["GET"]}}],"collection":[{"href":"https:\/\/osaone.ch\/de\/wp-json\/wp\/v2\/product"}],"about":[{"href":"https:\/\/osaone.ch\/de\/wp-json\/wp\/v2\/types\/product"}],"wp:featuredmedia":[{"embeddable":true,"href":"https:\/\/osaone.ch\/de\/wp-json\/wp\/v2\/media\/33267"}],"wp:attachment":[{"href":"https:\/\/osaone.ch\/de\/wp-json\/wp\/v2\/media?parent=34581"}],"wp:term":[{"taxonomy":"product_brand","embeddable":true,"href":"https:\/\/osaone.ch\/de\/wp-json\/wp\/v2\/product_brand?post=34581"},{"taxonomy":"product_cat","embeddable":true,"href":"https:\/\/osaone.ch\/de\/wp-json\/wp\/v2\/product_cat?post=34581"},{"taxonomy":"product_tag","embeddable":true,"href":"https:\/\/osaone.ch\/de\/wp-json\/wp\/v2\/product_tag?post=34581"}],"curies":[{"name":"wp","href":"https:\/\/api.w.org\/{rel}","templated":true}]}}