{"id":34630,"date":"2021-12-07T20:00:10","date_gmt":"2021-12-07T19:00:10","guid":{"rendered":"https:\/\/osaone.ch\/prodotto\/hochwertiges-wendetrikot\/"},"modified":"2022-11-21T09:36:17","modified_gmt":"2022-11-21T08:36:17","slug":"gestrickt-c-hoch-wiederverwendbar-woll-weich","status":"publish","type":"product","link":"https:\/\/osaone.ch\/de\/produkt\/gestrickt-c-hoch-wiederverwendbar-woll-weich\/","title":{"rendered":"Hochwertiges Wendetrikot"},"content":{"rendered":"<p>Gestrickt, garngef\u00e4rbt, Wolle aus erster Schur, sehr weich, kein Kneifen, bei normalem Gebrauch ohne Reiben kein Pilling.<\/p>\n<p>Nur auf der Vorderseite bedruckt, bleiben die Farben auch nach vielen W\u00e4schen unver\u00e4ndert.<\/p>\n<p>Das Model ist 1,70 cm gro\u00df &#8211; tr\u00e4gt Gr\u00f6\u00dfe L-46.<\/p>\n<p>ZERTIFIZIERTES ITALIENISCHES PRODUKT<\/p>\n","protected":false},"excerpt":{"rendered":"<p>100% extrafeine Merinowolle<\/p>\n","protected":false},"featured_media":32934,"template":"","meta":{"_seopress_robots_primary_cat":"none","_seopress_titles_title":"","_seopress_titles_desc":"","_seopress_robots_index":""},"product_brand":[],"product_cat":[289,291],"product_tag":[],"class_list":{"0":"post-34630","1":"product","2":"type-product","3":"status-publish","4":"has-post-thumbnail","6":"product_cat-hemden-de","7":"product_cat-langarmelige-hemden","8":"pa_taglia-2xl-de","9":"pa_taglia-l-de","10":"pa_taglia-m-de","11":"pa_taglia-s-de","12":"pa_taglia-xl-de","14":"first","15":"instock","16":"shipping-taxable","17":"purchasable","18":"product-type-variable","19":"has-default-attributes"},"_links":{"self":[{"href":"https:\/\/osaone.ch\/de\/wp-json\/wp\/v2\/product\/34630","targetHints":{"allow":["GET"]}}],"collection":[{"href":"https:\/\/osaone.ch\/de\/wp-json\/wp\/v2\/product"}],"about":[{"href":"https:\/\/osaone.ch\/de\/wp-json\/wp\/v2\/types\/product"}],"wp:featuredmedia":[{"embeddable":true,"href":"https:\/\/osaone.ch\/de\/wp-json\/wp\/v2\/media\/32934"}],"wp:attachment":[{"href":"https:\/\/osaone.ch\/de\/wp-json\/wp\/v2\/media?parent=34630"}],"wp:term":[{"taxonomy":"product_brand","embeddable":true,"href":"https:\/\/osaone.ch\/de\/wp-json\/wp\/v2\/product_brand?post=34630"},{"taxonomy":"product_cat","embeddable":true,"href":"https:\/\/osaone.ch\/de\/wp-json\/wp\/v2\/product_cat?post=34630"},{"taxonomy":"product_tag","embeddable":true,"href":"https:\/\/osaone.ch\/de\/wp-json\/wp\/v2\/product_tag?post=34630"}],"curies":[{"name":"wp","href":"https:\/\/api.w.org\/{rel}","templated":true}]}}