{"id":34667,"date":"2022-05-28T12:43:38","date_gmt":"2022-05-28T10:43:38","guid":{"rendered":"https:\/\/osaone.ch\/prodotto\/rock\/"},"modified":"2024-12-09T18:32:59","modified_gmt":"2024-12-09T17:32:59","slug":"rock-uber-knie-gelenk-hinten","status":"publish","type":"product","link":"https:\/\/osaone.ch\/de\/produkt\/rock-uber-knie-gelenk-hinten\/","title":{"rendered":"Rock"},"content":{"rendered":"<p>\u00dcber-Knie-Rock, mit Futter, Rei\u00dfverschluss hinten und Schlitz mit Einsatz. ITALIENISCHE GR\u00d6SSEN Made in Italy<\/p>\n","protected":false},"excerpt":{"rendered":"<p>70% Viskose 25% Polyester 5% Elastan<\/p>\n","protected":false},"featured_media":35025,"template":"","meta":{"_seopress_robots_primary_cat":"none","_seopress_titles_title":"","_seopress_titles_desc":"","_seopress_robots_index":""},"product_brand":[],"product_cat":[415],"product_tag":[],"class_list":{"0":"post-34667","1":"product","2":"type-product","3":"status-publish","4":"has-post-thumbnail","6":"product_cat-die-rocke-de","7":"pa_taglia-40-de","8":"pa_taglia-42-de","10":"first","11":"instock","12":"shipping-taxable","13":"purchasable","14":"product-type-variable","15":"has-default-attributes"},"_links":{"self":[{"href":"https:\/\/osaone.ch\/de\/wp-json\/wp\/v2\/product\/34667","targetHints":{"allow":["GET"]}}],"collection":[{"href":"https:\/\/osaone.ch\/de\/wp-json\/wp\/v2\/product"}],"about":[{"href":"https:\/\/osaone.ch\/de\/wp-json\/wp\/v2\/types\/product"}],"wp:featuredmedia":[{"embeddable":true,"href":"https:\/\/osaone.ch\/de\/wp-json\/wp\/v2\/media\/35025"}],"wp:attachment":[{"href":"https:\/\/osaone.ch\/de\/wp-json\/wp\/v2\/media?parent=34667"}],"wp:term":[{"taxonomy":"product_brand","embeddable":true,"href":"https:\/\/osaone.ch\/de\/wp-json\/wp\/v2\/product_brand?post=34667"},{"taxonomy":"product_cat","embeddable":true,"href":"https:\/\/osaone.ch\/de\/wp-json\/wp\/v2\/product_cat?post=34667"},{"taxonomy":"product_tag","embeddable":true,"href":"https:\/\/osaone.ch\/de\/wp-json\/wp\/v2\/product_tag?post=34667"}],"curies":[{"name":"wp","href":"https:\/\/api.w.org\/{rel}","templated":true}]}}