{"id":34700,"date":"2022-05-28T14:31:15","date_gmt":"2022-05-28T12:31:15","guid":{"rendered":"https:\/\/osaone.ch\/prodotto\/rock\/"},"modified":"2024-12-09T18:33:38","modified_gmt":"2024-12-09T17:33:38","slug":"knielanges-rock-bein-scharnier","status":"publish","type":"product","link":"https:\/\/osaone.ch\/de\/produkt\/knielanges-rock-bein-scharnier\/","title":{"rendered":"Rock"},"content":{"rendered":"<p>Knielanger, gef\u00fctterter Rock, Rei\u00dfverschluss auf der R\u00fcckseite, zwei kleine Schlitze auf der Vorderseite. ITALIENISCHE GR\u00d6SSE Made in Italy<\/p>\n","protected":false},"excerpt":{"rendered":"<p>70% Viskose 27% Polyester 3% Elastan<\/p>\n","protected":false},"featured_media":35017,"template":"","meta":{"_seopress_robots_primary_cat":"none","_seopress_titles_title":"","_seopress_titles_desc":"","_seopress_robots_index":""},"product_brand":[],"product_cat":[415],"product_tag":[],"class_list":{"0":"post-34700","1":"product","2":"type-product","3":"status-publish","4":"has-post-thumbnail","6":"product_cat-die-rocke-de","7":"pa_taglia-42-de","8":"pa_taglia-44-de","9":"pa_taglia-48-de","11":"first","12":"instock","13":"shipping-taxable","14":"purchasable","15":"product-type-variable","16":"has-default-attributes"},"_links":{"self":[{"href":"https:\/\/osaone.ch\/de\/wp-json\/wp\/v2\/product\/34700","targetHints":{"allow":["GET"]}}],"collection":[{"href":"https:\/\/osaone.ch\/de\/wp-json\/wp\/v2\/product"}],"about":[{"href":"https:\/\/osaone.ch\/de\/wp-json\/wp\/v2\/types\/product"}],"wp:featuredmedia":[{"embeddable":true,"href":"https:\/\/osaone.ch\/de\/wp-json\/wp\/v2\/media\/35017"}],"wp:attachment":[{"href":"https:\/\/osaone.ch\/de\/wp-json\/wp\/v2\/media?parent=34700"}],"wp:term":[{"taxonomy":"product_brand","embeddable":true,"href":"https:\/\/osaone.ch\/de\/wp-json\/wp\/v2\/product_brand?post=34700"},{"taxonomy":"product_cat","embeddable":true,"href":"https:\/\/osaone.ch\/de\/wp-json\/wp\/v2\/product_cat?post=34700"},{"taxonomy":"product_tag","embeddable":true,"href":"https:\/\/osaone.ch\/de\/wp-json\/wp\/v2\/product_tag?post=34700"}],"curies":[{"name":"wp","href":"https:\/\/api.w.org\/{rel}","templated":true}]}}