{"id":34712,"date":"2022-05-28T15:27:43","date_gmt":"2022-05-28T13:27:43","guid":{"rendered":"https:\/\/osaone.ch\/prodotto\/3-4-aermel-trikot\/"},"modified":"2024-12-09T18:33:39","modified_gmt":"2024-12-09T17:33:39","slug":"gestrickt-manikose-viskose-behind-schwarz","status":"publish","type":"product","link":"https:\/\/osaone.ch\/de\/produkt\/gestrickt-manikose-viskose-behind-schwarz\/","title":{"rendered":"3\/4-\u00c4rmel Trikot"},"content":{"rendered":"<p>Schmale Passform, warme Viskose, halber Rei\u00dfverschluss am R\u00fccken. ITALIENISCHE GR\u00d6SSE Made in Italy<\/p>\n","protected":false},"excerpt":{"rendered":"<p>67% Viskose 30% Polyester 3% Elastan<\/p>\n","protected":false},"featured_media":34993,"template":"","meta":{"_seopress_robots_primary_cat":"none","_seopress_titles_title":"","_seopress_titles_desc":"","_seopress_robots_index":""},"product_brand":[],"product_cat":[409],"product_tag":[],"class_list":{"0":"post-34712","1":"product","2":"type-product","3":"status-publish","4":"has-post-thumbnail","6":"product_cat-hemden-de-3","7":"pa_taglia-44-de","8":"pa_taglia-46-de","9":"pa_taglia-48-de","10":"pa_taglia-50-de","11":"pa_taglia-52-de","13":"first","14":"instock","15":"shipping-taxable","16":"purchasable","17":"product-type-variable","18":"has-default-attributes"},"_links":{"self":[{"href":"https:\/\/osaone.ch\/de\/wp-json\/wp\/v2\/product\/34712","targetHints":{"allow":["GET"]}}],"collection":[{"href":"https:\/\/osaone.ch\/de\/wp-json\/wp\/v2\/product"}],"about":[{"href":"https:\/\/osaone.ch\/de\/wp-json\/wp\/v2\/types\/product"}],"wp:featuredmedia":[{"embeddable":true,"href":"https:\/\/osaone.ch\/de\/wp-json\/wp\/v2\/media\/34993"}],"wp:attachment":[{"href":"https:\/\/osaone.ch\/de\/wp-json\/wp\/v2\/media?parent=34712"}],"wp:term":[{"taxonomy":"product_brand","embeddable":true,"href":"https:\/\/osaone.ch\/de\/wp-json\/wp\/v2\/product_brand?post=34712"},{"taxonomy":"product_cat","embeddable":true,"href":"https:\/\/osaone.ch\/de\/wp-json\/wp\/v2\/product_cat?post=34712"},{"taxonomy":"product_tag","embeddable":true,"href":"https:\/\/osaone.ch\/de\/wp-json\/wp\/v2\/product_tag?post=34712"}],"curies":[{"name":"wp","href":"https:\/\/api.w.org\/{rel}","templated":true}]}}