{"id":34726,"date":"2022-05-28T15:35:01","date_gmt":"2022-05-28T13:35:01","guid":{"rendered":"https:\/\/osaone.ch\/prodotto\/3-4-aermel-trikot\/"},"modified":"2022-11-21T11:54:30","modified_gmt":"2022-11-21T10:54:30","slug":"gestrickt-manikose-viskose-warmes-band-hinten","status":"publish","type":"product","link":"https:\/\/osaone.ch\/de\/produkt\/gestrickt-manikose-viskose-warmes-band-hinten\/","title":{"rendered":"3\/4-\u00c4rmel Trikot"},"content":{"rendered":"<p>Schmale Passform, warme Viskose, halber Rei\u00dfverschluss am R\u00fccken.<\/p>\n<p>ITALIENISCHE GR\u00d6SSEN<\/p>\n<p>Hergestellt in Italien<\/p>\n","protected":false},"excerpt":{"rendered":"<p>67% Viskose 30% Polyester 3% Elastan<\/p>\n","protected":false},"featured_media":34997,"template":"","meta":{"_seopress_robots_primary_cat":"none","_seopress_titles_title":"","_seopress_titles_desc":"","_seopress_robots_index":""},"product_brand":[],"product_cat":[409],"product_tag":[],"class_list":{"0":"post-34726","1":"product","2":"type-product","3":"status-publish","4":"has-post-thumbnail","6":"product_cat-hemden-de-3","7":"pa_taglia-42-de","8":"pa_taglia-44-de","9":"pa_taglia-46-de","11":"first","12":"instock","13":"shipping-taxable","14":"purchasable","15":"product-type-variable","16":"has-default-attributes"},"_links":{"self":[{"href":"https:\/\/osaone.ch\/de\/wp-json\/wp\/v2\/product\/34726","targetHints":{"allow":["GET"]}}],"collection":[{"href":"https:\/\/osaone.ch\/de\/wp-json\/wp\/v2\/product"}],"about":[{"href":"https:\/\/osaone.ch\/de\/wp-json\/wp\/v2\/types\/product"}],"wp:featuredmedia":[{"embeddable":true,"href":"https:\/\/osaone.ch\/de\/wp-json\/wp\/v2\/media\/34997"}],"wp:attachment":[{"href":"https:\/\/osaone.ch\/de\/wp-json\/wp\/v2\/media?parent=34726"}],"wp:term":[{"taxonomy":"product_brand","embeddable":true,"href":"https:\/\/osaone.ch\/de\/wp-json\/wp\/v2\/product_brand?post=34726"},{"taxonomy":"product_cat","embeddable":true,"href":"https:\/\/osaone.ch\/de\/wp-json\/wp\/v2\/product_cat?post=34726"},{"taxonomy":"product_tag","embeddable":true,"href":"https:\/\/osaone.ch\/de\/wp-json\/wp\/v2\/product_tag?post=34726"}],"curies":[{"name":"wp","href":"https:\/\/api.w.org\/{rel}","templated":true}]}}