{"id":34735,"date":"2022-06-06T13:13:58","date_gmt":"2022-06-06T11:13:58","guid":{"rendered":"https:\/\/osaone.ch\/prodotto\/rock\/"},"modified":"2023-02-13T15:41:21","modified_gmt":"2023-02-13T14:41:21","slug":"rock-artisan-scharnier-auf-dem-rucken","status":"publish","type":"product","link":"https:\/\/osaone.ch\/de\/produkt\/rock-artisan-scharnier-auf-dem-rucken\/","title":{"rendered":"Rock"},"content":{"rendered":"<p>Feines Kleidungsst\u00fcck mit handgefertigter Oberfl\u00e4che, das \u00e4u\u00dferste Sorgfalt bei der Pflege erfordert.<\/p>\n<p>Normale Passform, unterhalb der Knie, gef\u00fcttert, Rei\u00dfverschluss am R\u00fccken, leicht elastischer Bund.<\/p>\n<p>Kann mit dem Artikel 116-AC207BCO Kurzarmhemd &#8211; andere Typen kombiniert werden<\/p>\n<p>ITALIENISCHE GR\u00d6SSEN<\/p>\n<p>Hergestellt in Italien<\/p>\n","protected":false},"excerpt":{"rendered":"<p>70% Baumwolle 30% Polyester<\/p>\n","protected":false},"featured_media":32892,"template":"","meta":{"_seopress_robots_primary_cat":"none","_seopress_titles_title":"","_seopress_titles_desc":"","_seopress_robots_index":""},"product_brand":[],"product_cat":[397],"product_tag":[],"class_list":{"0":"post-34735","1":"product","2":"type-product","3":"status-publish","4":"has-post-thumbnail","6":"product_cat-die-rocke","7":"pa_taglia-42-de","8":"pa_taglia-44-de","9":"pa_taglia-46-de","11":"first","12":"instock","13":"shipping-taxable","14":"purchasable","15":"product-type-variable","16":"has-default-attributes"},"_links":{"self":[{"href":"https:\/\/osaone.ch\/de\/wp-json\/wp\/v2\/product\/34735","targetHints":{"allow":["GET"]}}],"collection":[{"href":"https:\/\/osaone.ch\/de\/wp-json\/wp\/v2\/product"}],"about":[{"href":"https:\/\/osaone.ch\/de\/wp-json\/wp\/v2\/types\/product"}],"wp:featuredmedia":[{"embeddable":true,"href":"https:\/\/osaone.ch\/de\/wp-json\/wp\/v2\/media\/32892"}],"wp:attachment":[{"href":"https:\/\/osaone.ch\/de\/wp-json\/wp\/v2\/media?parent=34735"}],"wp:term":[{"taxonomy":"product_brand","embeddable":true,"href":"https:\/\/osaone.ch\/de\/wp-json\/wp\/v2\/product_brand?post=34735"},{"taxonomy":"product_cat","embeddable":true,"href":"https:\/\/osaone.ch\/de\/wp-json\/wp\/v2\/product_cat?post=34735"},{"taxonomy":"product_tag","embeddable":true,"href":"https:\/\/osaone.ch\/de\/wp-json\/wp\/v2\/product_tag?post=34735"}],"curies":[{"name":"wp","href":"https:\/\/api.w.org\/{rel}","templated":true}]}}