{"id":34766,"date":"2022-06-06T14:05:54","date_gmt":"2022-06-06T12:05:54","guid":{"rendered":"https:\/\/osaone.ch\/prodotto\/jacke-7\/"},"modified":"2024-12-09T18:36:34","modified_gmt":"2024-12-09T17:36:34","slug":"jacke-rock-micro-design","status":"publish","type":"product","link":"https:\/\/osaone.ch\/de\/produkt\/jacke-rock-micro-design\/","title":{"rendered":"Jacke"},"content":{"rendered":"<p>Trockene Passform, ungef\u00fcttert, lockere Passform, zwei Schlitze am R\u00fccken, Mikro-Design. ITALIENISCHE GR\u00d6SSE Made in Italy<\/p>\n","protected":false},"excerpt":{"rendered":"<p>60% Polyester 40% Baumwolle<\/p>\n","protected":false},"featured_media":35050,"template":"","meta":{"_seopress_robots_primary_cat":"none","_seopress_titles_title":"","_seopress_titles_desc":"","_seopress_robots_index":""},"product_brand":[],"product_cat":[429],"product_tag":[],"class_list":{"0":"post-34766","1":"product","2":"type-product","3":"status-publish","4":"has-post-thumbnail","6":"product_cat-jacken-de-2","7":"pa_taglia-48-de","8":"pa_taglia-54-de","10":"first","11":"instock","12":"shipping-taxable","13":"purchasable","14":"product-type-variable","15":"has-default-attributes"},"_links":{"self":[{"href":"https:\/\/osaone.ch\/de\/wp-json\/wp\/v2\/product\/34766","targetHints":{"allow":["GET"]}}],"collection":[{"href":"https:\/\/osaone.ch\/de\/wp-json\/wp\/v2\/product"}],"about":[{"href":"https:\/\/osaone.ch\/de\/wp-json\/wp\/v2\/types\/product"}],"wp:featuredmedia":[{"embeddable":true,"href":"https:\/\/osaone.ch\/de\/wp-json\/wp\/v2\/media\/35050"}],"wp:attachment":[{"href":"https:\/\/osaone.ch\/de\/wp-json\/wp\/v2\/media?parent=34766"}],"wp:term":[{"taxonomy":"product_brand","embeddable":true,"href":"https:\/\/osaone.ch\/de\/wp-json\/wp\/v2\/product_brand?post=34766"},{"taxonomy":"product_cat","embeddable":true,"href":"https:\/\/osaone.ch\/de\/wp-json\/wp\/v2\/product_cat?post=34766"},{"taxonomy":"product_tag","embeddable":true,"href":"https:\/\/osaone.ch\/de\/wp-json\/wp\/v2\/product_tag?post=34766"}],"curies":[{"name":"wp","href":"https:\/\/api.w.org\/{rel}","templated":true}]}}