{"id":34790,"date":"2022-06-06T14:50:25","date_gmt":"2022-06-06T12:50:25","guid":{"rendered":"https:\/\/osaone.ch\/prodotto\/kleid-5\/"},"modified":"2024-12-09T18:34:26","modified_gmt":"2024-12-09T17:34:26","slug":"dress-dry-over-the-knees","status":"publish","type":"product","link":"https:\/\/osaone.ch\/de\/produkt\/dress-dry-over-the-knees\/","title":{"rendered":"Kleid"},"content":{"rendered":"<p>Schmale Passform, oberhalb der Knie, nur vorne \u00fcberkreuzte Schultertr\u00e4ger. Kann mit Artikel 212-1505M Jacke kombiniert werden. ITALIENISCHE GR\u00d6SSE Made in Italy<\/p>\n","protected":false},"excerpt":{"rendered":"<p>75% Viskose 25% Polyester<\/p>\n","protected":false},"featured_media":35009,"template":"","meta":{"_seopress_robots_primary_cat":"none","_seopress_titles_title":"","_seopress_titles_desc":"","_seopress_robots_index":""},"product_brand":[],"product_cat":[420],"product_tag":[],"class_list":{"0":"post-34790","1":"product","2":"type-product","3":"status-publish","4":"has-post-thumbnail","6":"product_cat-kleidung-de","7":"pa_taglia-l-de","8":"pa_taglia-m-de","9":"pa_taglia-xl-de","11":"first","12":"instock","13":"shipping-taxable","14":"purchasable","15":"product-type-variable","16":"has-default-attributes"},"_links":{"self":[{"href":"https:\/\/osaone.ch\/de\/wp-json\/wp\/v2\/product\/34790","targetHints":{"allow":["GET"]}}],"collection":[{"href":"https:\/\/osaone.ch\/de\/wp-json\/wp\/v2\/product"}],"about":[{"href":"https:\/\/osaone.ch\/de\/wp-json\/wp\/v2\/types\/product"}],"wp:featuredmedia":[{"embeddable":true,"href":"https:\/\/osaone.ch\/de\/wp-json\/wp\/v2\/media\/35009"}],"wp:attachment":[{"href":"https:\/\/osaone.ch\/de\/wp-json\/wp\/v2\/media?parent=34790"}],"wp:term":[{"taxonomy":"product_brand","embeddable":true,"href":"https:\/\/osaone.ch\/de\/wp-json\/wp\/v2\/product_brand?post=34790"},{"taxonomy":"product_cat","embeddable":true,"href":"https:\/\/osaone.ch\/de\/wp-json\/wp\/v2\/product_cat?post=34790"},{"taxonomy":"product_tag","embeddable":true,"href":"https:\/\/osaone.ch\/de\/wp-json\/wp\/v2\/product_tag?post=34790"}],"curies":[{"name":"wp","href":"https:\/\/api.w.org\/{rel}","templated":true}]}}