{"id":34794,"date":"2022-06-06T15:07:15","date_gmt":"2022-06-06T13:07:15","guid":{"rendered":"https:\/\/osaone.ch\/prodotto\/kleid-6\/"},"modified":"2024-12-09T18:34:35","modified_gmt":"2024-12-09T17:34:35","slug":"kleid-futter-gurtel","status":"publish","type":"product","link":"https:\/\/osaone.ch\/de\/produkt\/kleid-futter-gurtel\/","title":{"rendered":"Kleid"},"content":{"rendered":"<p>Trockene Passform, mit Futter, G\u00fcrtel in der gleichen Verarbeitung, Gummizug \u00fcber der Brust. ITALIENISCHE GR\u00d6SSEN Made in Italy<\/p>\n","protected":false},"excerpt":{"rendered":"<p>43% Baumwolle 43% Viskose 14% Polyester<\/p>\n","protected":false},"featured_media":35013,"template":"","meta":{"_seopress_robots_primary_cat":"none","_seopress_titles_title":"","_seopress_titles_desc":"","_seopress_robots_index":""},"product_brand":[],"product_cat":[420],"product_tag":[],"class_list":{"0":"post-34794","1":"product","2":"type-product","3":"status-publish","4":"has-post-thumbnail","6":"product_cat-kleidung-de","7":"pa_taglia-l-de","8":"pa_taglia-xl-de","10":"first","11":"instock","12":"shipping-taxable","13":"purchasable","14":"product-type-variable","15":"has-default-attributes"},"_links":{"self":[{"href":"https:\/\/osaone.ch\/de\/wp-json\/wp\/v2\/product\/34794","targetHints":{"allow":["GET"]}}],"collection":[{"href":"https:\/\/osaone.ch\/de\/wp-json\/wp\/v2\/product"}],"about":[{"href":"https:\/\/osaone.ch\/de\/wp-json\/wp\/v2\/types\/product"}],"wp:featuredmedia":[{"embeddable":true,"href":"https:\/\/osaone.ch\/de\/wp-json\/wp\/v2\/media\/35013"}],"wp:attachment":[{"href":"https:\/\/osaone.ch\/de\/wp-json\/wp\/v2\/media?parent=34794"}],"wp:term":[{"taxonomy":"product_brand","embeddable":true,"href":"https:\/\/osaone.ch\/de\/wp-json\/wp\/v2\/product_brand?post=34794"},{"taxonomy":"product_cat","embeddable":true,"href":"https:\/\/osaone.ch\/de\/wp-json\/wp\/v2\/product_cat?post=34794"},{"taxonomy":"product_tag","embeddable":true,"href":"https:\/\/osaone.ch\/de\/wp-json\/wp\/v2\/product_tag?post=34794"}],"curies":[{"name":"wp","href":"https:\/\/api.w.org\/{rel}","templated":true}]}}