{"id":35198,"date":"2019-08-30T14:32:25","date_gmt":"2019-08-30T12:32:25","guid":{"rendered":"https:\/\/osaone.ch\/prodotto\/trikot-mit-rundhalsausschnitt-m-3-4\/"},"modified":"2022-11-21T10:01:14","modified_gmt":"2022-11-21T09:01:14","slug":"gestrickt-gedreht-m-3-6","status":"publish","type":"product","link":"https:\/\/osaone.ch\/de\/produkt\/gestrickt-gedreht-m-3-6\/","title":{"rendered":"Trikot mit Rundhalsausschnitt m 3\/4"},"content":{"rendered":"<p>Gestrickt, garngef\u00e4rbt, nur auf der Vorderseite gestrickt, auf der R\u00fcckseite glatt.<\/p>\n<p>ZERTIFIZIERTES ITALIENISCHES PRODUKT<\/p>\n<p><img decoding=\"async\" data-src=\"https:\/\/osaone.ch\/wp-content\/uploads\/images\/stories\/icone\/Taglie-Donna.jpg\" alt=\"Gr\u00f6\u00dfen f\u00fcr Frauen\" src=\"data:image\/svg+xml;base64,PHN2ZyB3aWR0aD0iMSIgaGVpZ2h0PSIxIiB4bWxucz0iaHR0cDovL3d3dy53My5vcmcvMjAwMC9zdmciPjwvc3ZnPg==\" class=\"lazyload\" style=\"--smush-placeholder-width: 919px; --smush-placeholder-aspect-ratio: 919\/589;\"><\/p>\n","protected":false},"excerpt":{"rendered":"<p>84% Viskose 16% Elit\u00e8<\/p>\n","protected":false},"featured_media":33069,"template":"","meta":{"_seopress_robots_primary_cat":"none","_seopress_titles_title":"","_seopress_titles_desc":"","_seopress_robots_index":""},"product_brand":[],"product_cat":[341,289],"product_tag":[],"class_list":{"0":"post-35198","1":"product","2":"type-product","3":"status-publish","4":"has-post-thumbnail","6":"product_cat-3-4-armelige-hemden","7":"product_cat-hemden-de","8":"pa_taglia-42-de","9":"pa_taglia-44-de","10":"pa_taglia-46-de","11":"pa_taglia-48-de","13":"first","14":"instock","15":"shipping-taxable","16":"purchasable","17":"product-type-variable","18":"has-default-attributes"},"_links":{"self":[{"href":"https:\/\/osaone.ch\/de\/wp-json\/wp\/v2\/product\/35198","targetHints":{"allow":["GET"]}}],"collection":[{"href":"https:\/\/osaone.ch\/de\/wp-json\/wp\/v2\/product"}],"about":[{"href":"https:\/\/osaone.ch\/de\/wp-json\/wp\/v2\/types\/product"}],"wp:featuredmedia":[{"embeddable":true,"href":"https:\/\/osaone.ch\/de\/wp-json\/wp\/v2\/media\/33069"}],"wp:attachment":[{"href":"https:\/\/osaone.ch\/de\/wp-json\/wp\/v2\/media?parent=35198"}],"wp:term":[{"taxonomy":"product_brand","embeddable":true,"href":"https:\/\/osaone.ch\/de\/wp-json\/wp\/v2\/product_brand?post=35198"},{"taxonomy":"product_cat","embeddable":true,"href":"https:\/\/osaone.ch\/de\/wp-json\/wp\/v2\/product_cat?post=35198"},{"taxonomy":"product_tag","embeddable":true,"href":"https:\/\/osaone.ch\/de\/wp-json\/wp\/v2\/product_tag?post=35198"}],"curies":[{"name":"wp","href":"https:\/\/api.w.org\/{rel}","templated":true}]}}