{"id":35348,"date":"2019-07-09T14:27:39","date_gmt":"2019-07-09T12:27:39","guid":{"rendered":"https:\/\/osaone.ch\/prodotto\/langes-trikot-mit-rundhalsausschnitt\/"},"modified":"2022-11-21T10:02:13","modified_gmt":"2022-11-21T09:02:13","slug":"trikot-twist-lang-2","status":"publish","type":"product","link":"https:\/\/osaone.ch\/de\/produkt\/trikot-twist-lang-2\/","title":{"rendered":"Langes Trikot mit Rundhalsausschnitt"},"content":{"rendered":"<p>Gestrickt, bleiben die Farben auch nach vielen W\u00e4schen unver\u00e4ndert. Das Kleidungsst\u00fcck ist sehr fein und leicht.<\/p>\n<p>GR\u00d6SSE 42 L\u00c4NGE CM 75<\/p>\n<p>ZERTIFIZIERTES ITALIENISCHES PRODUKT<\/p>\n<p><img decoding=\"async\" data-src=\"https:\/\/osaone.ch\/wp-content\/uploads\/images\/stories\/icone\/Taglie-Donna.jpg\" alt=\"Gr\u00f6\u00dfen f\u00fcr Frauen\" src=\"data:image\/svg+xml;base64,PHN2ZyB3aWR0aD0iMSIgaGVpZ2h0PSIxIiB4bWxucz0iaHR0cDovL3d3dy53My5vcmcvMjAwMC9zdmciPjwvc3ZnPg==\" class=\"lazyload\" style=\"--smush-placeholder-width: 919px; --smush-placeholder-aspect-ratio: 919\/589;\"><\/p>\n","protected":false},"excerpt":{"rendered":"<p>84% Viskose 16% Elit\u00e9<\/p>\n","protected":false},"featured_media":33057,"template":"","meta":{"_seopress_robots_primary_cat":"none","_seopress_titles_title":"","_seopress_titles_desc":"","_seopress_robots_index":""},"product_brand":[],"product_cat":[341,289],"product_tag":[],"class_list":{"0":"post-35348","1":"product","2":"type-product","3":"status-publish","4":"has-post-thumbnail","6":"product_cat-3-4-armelige-hemden","7":"product_cat-hemden-de","8":"pa_taglia-42-de","9":"pa_taglia-44-de","10":"pa_taglia-48-de","12":"first","13":"instock","14":"shipping-taxable","15":"purchasable","16":"product-type-variable","17":"has-default-attributes"},"_links":{"self":[{"href":"https:\/\/osaone.ch\/de\/wp-json\/wp\/v2\/product\/35348","targetHints":{"allow":["GET"]}}],"collection":[{"href":"https:\/\/osaone.ch\/de\/wp-json\/wp\/v2\/product"}],"about":[{"href":"https:\/\/osaone.ch\/de\/wp-json\/wp\/v2\/types\/product"}],"wp:featuredmedia":[{"embeddable":true,"href":"https:\/\/osaone.ch\/de\/wp-json\/wp\/v2\/media\/33057"}],"wp:attachment":[{"href":"https:\/\/osaone.ch\/de\/wp-json\/wp\/v2\/media?parent=35348"}],"wp:term":[{"taxonomy":"product_brand","embeddable":true,"href":"https:\/\/osaone.ch\/de\/wp-json\/wp\/v2\/product_brand?post=35348"},{"taxonomy":"product_cat","embeddable":true,"href":"https:\/\/osaone.ch\/de\/wp-json\/wp\/v2\/product_cat?post=35348"},{"taxonomy":"product_tag","embeddable":true,"href":"https:\/\/osaone.ch\/de\/wp-json\/wp\/v2\/product_tag?post=35348"}],"curies":[{"name":"wp","href":"https:\/\/api.w.org\/{rel}","templated":true}]}}