{"id":35372,"date":"2019-07-03T13:22:15","date_gmt":"2019-07-03T11:22:15","guid":{"rendered":"https:\/\/osaone.ch\/prodotto\/geknoepfte-jacke-mit-taschen\/"},"modified":"2024-01-09T11:26:32","modified_gmt":"2024-01-09T10:26:32","slug":"jacke-knopfe-mit-taschen-2","status":"publish","type":"product","link":"https:\/\/osaone.ch\/de\/produkt\/jacke-knopfe-mit-taschen-2\/","title":{"rendered":"Gekn\u00f6pfte Jacke mit Taschen"},"content":{"rendered":"<p>Gestrickt, Wolle im Erstschnitt, garngef\u00e4rbt, Swarowski-Kn\u00f6pfe.<\/p>\n<p>ZERTIFIZIERTES ITALIENISCHES PRODUKT<\/p>\n","protected":false},"excerpt":{"rendered":"<p>67% Mohr 30% Pl 3% Merino<\/p>\n","protected":false},"featured_media":171127,"template":"","meta":{"_seopress_robots_primary_cat":"none","_seopress_titles_title":"","_seopress_titles_desc":"","_seopress_robots_index":""},"product_brand":[],"product_cat":[384],"product_tag":[],"class_list":{"0":"post-35372","1":"product","2":"type-product","3":"status-publish","4":"has-post-thumbnail","6":"product_cat-jacken-de","7":"pa_taglia-42-de","8":"pa_taglia-44-de","9":"pa_taglia-46-de","10":"pa_taglia-48-de","11":"pa_taglia-52-de","13":"first","14":"instock","15":"shipping-taxable","16":"purchasable","17":"product-type-variable","18":"has-default-attributes"},"_links":{"self":[{"href":"https:\/\/osaone.ch\/de\/wp-json\/wp\/v2\/product\/35372","targetHints":{"allow":["GET"]}}],"collection":[{"href":"https:\/\/osaone.ch\/de\/wp-json\/wp\/v2\/product"}],"about":[{"href":"https:\/\/osaone.ch\/de\/wp-json\/wp\/v2\/types\/product"}],"wp:featuredmedia":[{"embeddable":true,"href":"https:\/\/osaone.ch\/de\/wp-json\/wp\/v2\/media\/171127"}],"wp:attachment":[{"href":"https:\/\/osaone.ch\/de\/wp-json\/wp\/v2\/media?parent=35372"}],"wp:term":[{"taxonomy":"product_brand","embeddable":true,"href":"https:\/\/osaone.ch\/de\/wp-json\/wp\/v2\/product_brand?post=35372"},{"taxonomy":"product_cat","embeddable":true,"href":"https:\/\/osaone.ch\/de\/wp-json\/wp\/v2\/product_cat?post=35372"},{"taxonomy":"product_tag","embeddable":true,"href":"https:\/\/osaone.ch\/de\/wp-json\/wp\/v2\/product_tag?post=35372"}],"curies":[{"name":"wp","href":"https:\/\/api.w.org\/{rel}","templated":true}]}}