{"id":35382,"date":"2019-07-03T13:14:04","date_gmt":"2019-07-03T11:14:04","guid":{"rendered":"https:\/\/osaone.ch\/prodotto\/geknoepfte-strickjacke\/"},"modified":"2022-11-21T09:26:42","modified_gmt":"2022-11-21T08:26:42","slug":"strickjacke-knopf-12","status":"publish","type":"product","link":"https:\/\/osaone.ch\/de\/produkt\/strickjacke-knopf-12\/","title":{"rendered":"Gekn\u00f6pfte Strickjacke"},"content":{"rendered":"<p>Gestrickt, Wolle aus der ersten Schur, garngef\u00e4rbt, sehr weich, dr\u00fcckt nicht, unter normalen Bedingungen keine Faltenbildung, Perlmuttkn\u00f6pfe.<\/p>\n<p>ZERTIFIZIERTES ITALIENISCHES PRODUKT<\/p>\n<p><img decoding=\"async\" data-src=\"https:\/\/osaone.ch\/wp-content\/uploads\/images\/stories\/icone\/Taglie-Donna.jpg\" alt=\"Gr\u00f6\u00dfen f\u00fcr Frauen\" src=\"data:image\/svg+xml;base64,PHN2ZyB3aWR0aD0iMSIgaGVpZ2h0PSIxIiB4bWxucz0iaHR0cDovL3d3dy53My5vcmcvMjAwMC9zdmciPjwvc3ZnPg==\" class=\"lazyload\" style=\"--smush-placeholder-width: 919px; --smush-placeholder-aspect-ratio: 919\/589;\"><\/p>\n","protected":false},"excerpt":{"rendered":"<p>100% Merinowolle<\/p>\n","protected":false},"featured_media":224899,"template":"","meta":{"_seopress_robots_primary_cat":"none","_seopress_titles_title":"","_seopress_titles_desc":"","_seopress_robots_index":""},"product_brand":[],"product_cat":[354,316],"product_tag":[],"class_list":{"0":"post-35382","1":"product","2":"type-product","3":"status-publish","4":"has-post-thumbnail","6":"product_cat-geknopfte-strickjacke-de","7":"product_cat-strickjacke-de","8":"pa_taglia-40-de","9":"pa_taglia-42-de","10":"pa_taglia-44-de","11":"pa_taglia-46-de","13":"first","14":"instock","15":"sold-individually","16":"shipping-taxable","17":"purchasable","18":"product-type-variable","19":"has-default-attributes"},"_links":{"self":[{"href":"https:\/\/osaone.ch\/de\/wp-json\/wp\/v2\/product\/35382","targetHints":{"allow":["GET"]}}],"collection":[{"href":"https:\/\/osaone.ch\/de\/wp-json\/wp\/v2\/product"}],"about":[{"href":"https:\/\/osaone.ch\/de\/wp-json\/wp\/v2\/types\/product"}],"wp:featuredmedia":[{"embeddable":true,"href":"https:\/\/osaone.ch\/de\/wp-json\/wp\/v2\/media\/224899"}],"wp:attachment":[{"href":"https:\/\/osaone.ch\/de\/wp-json\/wp\/v2\/media?parent=35382"}],"wp:term":[{"taxonomy":"product_brand","embeddable":true,"href":"https:\/\/osaone.ch\/de\/wp-json\/wp\/v2\/product_brand?post=35382"},{"taxonomy":"product_cat","embeddable":true,"href":"https:\/\/osaone.ch\/de\/wp-json\/wp\/v2\/product_cat?post=35382"},{"taxonomy":"product_tag","embeddable":true,"href":"https:\/\/osaone.ch\/de\/wp-json\/wp\/v2\/product_tag?post=35382"}],"curies":[{"name":"wp","href":"https:\/\/api.w.org\/{rel}","templated":true}]}}