{"id":35422,"date":"2019-03-27T16:44:58","date_gmt":"2019-03-27T15:44:58","guid":{"rendered":"https:\/\/osaone.ch\/prodotto\/geknoepfte-strickjacke\/"},"modified":"2023-01-05T11:42:41","modified_gmt":"2023-01-05T10:42:41","slug":"strickjacke-knopf-6","status":"publish","type":"product","link":"https:\/\/osaone.ch\/de\/produkt\/strickjacke-knopf-6\/","title":{"rendered":"Gekn\u00f6pfte Strickjacke"},"content":{"rendered":"<p>Gestrickt, Wolle aus der ersten Schur, garngef\u00e4rbt, sehr weich, dr\u00fcckt nicht, unter normalen Bedingungen keine Faltenbildung.<\/p>\n<p>ZERTIFIZIERTES ITALIENISCHES PRODUKT<\/p>\n","protected":false},"excerpt":{"rendered":"<p>100% Merinowolle<\/p>\n","protected":false},"featured_media":62447,"template":"","meta":{"_seopress_robots_primary_cat":"none","_seopress_titles_title":"","_seopress_titles_desc":"","_seopress_robots_index":""},"product_brand":[],"product_cat":[293,274],"product_tag":[],"class_list":{"0":"post-35422","1":"product","2":"type-product","3":"status-publish","4":"has-post-thumbnail","6":"product_cat-geknopfte-strickjacke","7":"product_cat-strickjacke","8":"pa_taglia-46-de","9":"pa_taglia-48-de","10":"pa_taglia-50-de","11":"pa_taglia-52-de","12":"pa_taglia-54-de","14":"first","15":"instock","16":"shipping-taxable","17":"purchasable","18":"product-type-variable"},"_links":{"self":[{"href":"https:\/\/osaone.ch\/de\/wp-json\/wp\/v2\/product\/35422","targetHints":{"allow":["GET"]}}],"collection":[{"href":"https:\/\/osaone.ch\/de\/wp-json\/wp\/v2\/product"}],"about":[{"href":"https:\/\/osaone.ch\/de\/wp-json\/wp\/v2\/types\/product"}],"wp:featuredmedia":[{"embeddable":true,"href":"https:\/\/osaone.ch\/de\/wp-json\/wp\/v2\/media\/62447"}],"wp:attachment":[{"href":"https:\/\/osaone.ch\/de\/wp-json\/wp\/v2\/media?parent=35422"}],"wp:term":[{"taxonomy":"product_brand","embeddable":true,"href":"https:\/\/osaone.ch\/de\/wp-json\/wp\/v2\/product_brand?post=35422"},{"taxonomy":"product_cat","embeddable":true,"href":"https:\/\/osaone.ch\/de\/wp-json\/wp\/v2\/product_cat?post=35422"},{"taxonomy":"product_tag","embeddable":true,"href":"https:\/\/osaone.ch\/de\/wp-json\/wp\/v2\/product_tag?post=35422"}],"curies":[{"name":"wp","href":"https:\/\/api.w.org\/{rel}","templated":true}]}}