{"id":35533,"date":"2019-02-09T10:14:17","date_gmt":"2019-02-09T09:14:17","guid":{"rendered":"https:\/\/osaone.ch\/prodotto\/knoepfe-fuer-die-jacke\/"},"modified":"2023-12-24T17:45:10","modified_gmt":"2023-12-24T16:45:10","slug":"jacke-knopf-3","status":"publish","type":"product","link":"https:\/\/osaone.ch\/de\/produkt\/jacke-knopf-3\/","title":{"rendered":"Kn\u00f6pfe f\u00fcr die Jacke"},"content":{"rendered":"<p>Gestrickt, garngef\u00e4rbt.<\/p>\n<p>ZERTIFIZIERTES ITALIENISCHES PRODUKT<\/p>\n","protected":false},"excerpt":{"rendered":"<p>55% Baumwolle mak\u00f2 45% Viskose<\/p>\n","protected":false},"featured_media":158214,"template":"","meta":{"_seopress_robots_primary_cat":"none","_seopress_titles_title":"","_seopress_titles_desc":"","_seopress_robots_index":""},"product_brand":[],"product_cat":[384],"product_tag":[],"class_list":{"0":"post-35533","1":"product","2":"type-product","3":"status-publish","4":"has-post-thumbnail","6":"product_cat-jacken-de","7":"pa_taglia-44-de","8":"pa_taglia-46-de","9":"pa_taglia-48-de","10":"pa_taglia-50-de","12":"first","13":"instock","14":"shipping-taxable","15":"purchasable","16":"product-type-variable"},"_links":{"self":[{"href":"https:\/\/osaone.ch\/de\/wp-json\/wp\/v2\/product\/35533","targetHints":{"allow":["GET"]}}],"collection":[{"href":"https:\/\/osaone.ch\/de\/wp-json\/wp\/v2\/product"}],"about":[{"href":"https:\/\/osaone.ch\/de\/wp-json\/wp\/v2\/types\/product"}],"wp:featuredmedia":[{"embeddable":true,"href":"https:\/\/osaone.ch\/de\/wp-json\/wp\/v2\/media\/158214"}],"wp:attachment":[{"href":"https:\/\/osaone.ch\/de\/wp-json\/wp\/v2\/media?parent=35533"}],"wp:term":[{"taxonomy":"product_brand","embeddable":true,"href":"https:\/\/osaone.ch\/de\/wp-json\/wp\/v2\/product_brand?post=35533"},{"taxonomy":"product_cat","embeddable":true,"href":"https:\/\/osaone.ch\/de\/wp-json\/wp\/v2\/product_cat?post=35533"},{"taxonomy":"product_tag","embeddable":true,"href":"https:\/\/osaone.ch\/de\/wp-json\/wp\/v2\/product_tag?post=35533"}],"curies":[{"name":"wp","href":"https:\/\/api.w.org\/{rel}","templated":true}]}}