{"id":35547,"date":"2019-02-07T16:23:35","date_gmt":"2019-02-07T15:23:35","guid":{"rendered":"https:\/\/osaone.ch\/prodotto\/knoepfe-fuer-die-jacke\/"},"modified":"2024-03-06T09:31:35","modified_gmt":"2024-03-06T08:31:35","slug":"jacke-knopfe-1","status":"publish","type":"product","link":"https:\/\/osaone.ch\/de\/produkt\/jacke-knopfe-1\/","title":{"rendered":"Kn\u00f6pfe f\u00fcr die Jacke"},"content":{"rendered":"<p>Gestrickt, garngef\u00e4rbt.<\/p>\n<p>ZERTIFIZIERTES ITALIENISCHES PRODUKT<\/p>\n","protected":false},"excerpt":{"rendered":"<p>55% Baumwolle mak\u00f2 45% Viskose<\/p>\n","protected":false},"featured_media":188371,"template":"","meta":{"_seopress_robots_primary_cat":"none","_seopress_titles_title":"","_seopress_titles_desc":"","_seopress_robots_index":""},"product_brand":[],"product_cat":[384],"product_tag":[],"class_list":{"0":"post-35547","1":"product","2":"type-product","3":"status-publish","4":"has-post-thumbnail","6":"product_cat-jacken-de","7":"pa_taglia-42-de","8":"pa_taglia-44-de","9":"pa_taglia-46-de","10":"pa_taglia-48-de","11":"pa_taglia-50-de","12":"pa_taglia-52-de","14":"first","15":"instock","16":"shipping-taxable","17":"purchasable","18":"product-type-variable"},"_links":{"self":[{"href":"https:\/\/osaone.ch\/de\/wp-json\/wp\/v2\/product\/35547","targetHints":{"allow":["GET"]}}],"collection":[{"href":"https:\/\/osaone.ch\/de\/wp-json\/wp\/v2\/product"}],"about":[{"href":"https:\/\/osaone.ch\/de\/wp-json\/wp\/v2\/types\/product"}],"wp:featuredmedia":[{"embeddable":true,"href":"https:\/\/osaone.ch\/de\/wp-json\/wp\/v2\/media\/188371"}],"wp:attachment":[{"href":"https:\/\/osaone.ch\/de\/wp-json\/wp\/v2\/media?parent=35547"}],"wp:term":[{"taxonomy":"product_brand","embeddable":true,"href":"https:\/\/osaone.ch\/de\/wp-json\/wp\/v2\/product_brand?post=35547"},{"taxonomy":"product_cat","embeddable":true,"href":"https:\/\/osaone.ch\/de\/wp-json\/wp\/v2\/product_cat?post=35547"},{"taxonomy":"product_tag","embeddable":true,"href":"https:\/\/osaone.ch\/de\/wp-json\/wp\/v2\/product_tag?post=35547"}],"curies":[{"name":"wp","href":"https:\/\/api.w.org\/{rel}","templated":true}]}}