{"id":35562,"date":"2019-02-07T16:02:06","date_gmt":"2019-02-07T15:02:06","guid":{"rendered":"https:\/\/osaone.ch\/prodotto\/3-4-langes-hemd\/"},"modified":"2024-10-31T11:23:13","modified_gmt":"2024-10-31T10:23:13","slug":"hemd-m-3-4","status":"publish","type":"product","link":"https:\/\/osaone.ch\/de\/produkt\/hemd-m-3-4\/","title":{"rendered":"3\/4 langes Hemd"},"content":{"rendered":"<p>Gestrickt, vorne und hinten bedruckt, bleiben die Farben auch nach vielen W\u00e4schen unver\u00e4ndert. Das Kleidungsst\u00fcck ist sehr fein und leicht und kann sowohl als Hemd als auch als Strickjacke getragen werden. ZERTIFIZIERTES ITALIENISCHES PRODUKT<\/p>\n","protected":false},"excerpt":{"rendered":"<p>84% Viskose 16% Elit\u00e8<\/p>\n","protected":false},"featured_media":32910,"template":"","meta":{"_seopress_robots_primary_cat":"none","_seopress_titles_title":"","_seopress_titles_desc":"","_seopress_robots_index":""},"product_brand":[],"product_cat":[341,289],"product_tag":[],"class_list":{"0":"post-35562","1":"product","2":"type-product","3":"status-publish","4":"has-post-thumbnail","6":"product_cat-3-4-armelige-hemden","7":"product_cat-hemden-de","8":"pa_taglia-44-de","9":"pa_taglia-46-de","10":"pa_taglia-48-de","11":"pa_taglia-50-de","12":"pa_taglia-52-de","14":"first","15":"instock","16":"shipping-taxable","17":"purchasable","18":"product-type-variable"},"_links":{"self":[{"href":"https:\/\/osaone.ch\/de\/wp-json\/wp\/v2\/product\/35562","targetHints":{"allow":["GET"]}}],"collection":[{"href":"https:\/\/osaone.ch\/de\/wp-json\/wp\/v2\/product"}],"about":[{"href":"https:\/\/osaone.ch\/de\/wp-json\/wp\/v2\/types\/product"}],"wp:featuredmedia":[{"embeddable":true,"href":"https:\/\/osaone.ch\/de\/wp-json\/wp\/v2\/media\/32910"}],"wp:attachment":[{"href":"https:\/\/osaone.ch\/de\/wp-json\/wp\/v2\/media?parent=35562"}],"wp:term":[{"taxonomy":"product_brand","embeddable":true,"href":"https:\/\/osaone.ch\/de\/wp-json\/wp\/v2\/product_brand?post=35562"},{"taxonomy":"product_cat","embeddable":true,"href":"https:\/\/osaone.ch\/de\/wp-json\/wp\/v2\/product_cat?post=35562"},{"taxonomy":"product_tag","embeddable":true,"href":"https:\/\/osaone.ch\/de\/wp-json\/wp\/v2\/product_tag?post=35562"}],"curies":[{"name":"wp","href":"https:\/\/api.w.org\/{rel}","templated":true}]}}