{"id":35580,"date":"2019-02-01T17:52:49","date_gmt":"2019-02-01T16:52:49","guid":{"rendered":"https:\/\/osaone.ch\/prodotto\/geknoepfte-strickjacke-m-3-4\/"},"modified":"2019-02-01T17:52:49","modified_gmt":"2019-02-01T16:52:49","slug":"strickjacke-knopf-m-3-5","status":"publish","type":"product","link":"https:\/\/osaone.ch\/de\/produkt\/strickjacke-knopf-m-3-5\/","title":{"rendered":"Gekn\u00f6pfte Strickjacke m 3\/4"},"content":{"rendered":"<p>Gestrickt, auf der Vorderseite bedruckt, bleiben die Farben auch nach vielen W\u00e4schen unver\u00e4ndert, kann auch als Strickware verwendet werden.<\/p>\n<p>ZERTIFIZIERTES ITALIENISCHES PRODUKT<\/p>\n<p><img decoding=\"async\" data-src=\"https:\/\/osaone.ch\/wp-content\/uploads\/images\/stories\/icone\/Taglie-Donna.jpg\" alt=\"Gr\u00f6\u00dfen f\u00fcr Frauen\" src=\"data:image\/svg+xml;base64,PHN2ZyB3aWR0aD0iMSIgaGVpZ2h0PSIxIiB4bWxucz0iaHR0cDovL3d3dy53My5vcmcvMjAwMC9zdmciPjwvc3ZnPg==\" class=\"lazyload\" style=\"--smush-placeholder-width: 919px; --smush-placeholder-aspect-ratio: 919\/589;\"><\/p>\n","protected":false},"excerpt":{"rendered":"<p>84% Viscoa 16% Elit\u00e8<\/p>\n","protected":false},"featured_media":31293,"template":"","meta":{"_seopress_robots_primary_cat":"","_seopress_titles_title":"","_seopress_titles_desc":"","_seopress_robots_index":""},"product_brand":[],"product_cat":[354,316],"product_tag":[],"class_list":{"0":"post-35580","1":"product","2":"type-product","3":"status-publish","4":"has-post-thumbnail","6":"product_cat-geknopfte-strickjacke-de","7":"product_cat-strickjacke-de","8":"pa_taglia-42-de","9":"pa_taglia-44-de","10":"pa_taglia-46-de","11":"pa_taglia-48-de","12":"pa_taglia-50-de","13":"pa_taglia-52-de","15":"first","16":"instock","17":"shipping-taxable","18":"purchasable","19":"product-type-variable"},"_links":{"self":[{"href":"https:\/\/osaone.ch\/de\/wp-json\/wp\/v2\/product\/35580","targetHints":{"allow":["GET"]}}],"collection":[{"href":"https:\/\/osaone.ch\/de\/wp-json\/wp\/v2\/product"}],"about":[{"href":"https:\/\/osaone.ch\/de\/wp-json\/wp\/v2\/types\/product"}],"wp:featuredmedia":[{"embeddable":true,"href":"https:\/\/osaone.ch\/de\/wp-json\/wp\/v2\/media\/31293"}],"wp:attachment":[{"href":"https:\/\/osaone.ch\/de\/wp-json\/wp\/v2\/media?parent=35580"}],"wp:term":[{"taxonomy":"product_brand","embeddable":true,"href":"https:\/\/osaone.ch\/de\/wp-json\/wp\/v2\/product_brand?post=35580"},{"taxonomy":"product_cat","embeddable":true,"href":"https:\/\/osaone.ch\/de\/wp-json\/wp\/v2\/product_cat?post=35580"},{"taxonomy":"product_tag","embeddable":true,"href":"https:\/\/osaone.ch\/de\/wp-json\/wp\/v2\/product_tag?post=35580"}],"curies":[{"name":"wp","href":"https:\/\/api.w.org\/{rel}","templated":true}]}}