{"id":35598,"date":"2018-03-02T11:56:45","date_gmt":"2018-03-02T10:56:45","guid":{"rendered":"https:\/\/osaone.ch\/prodotto\/t-shirt-mit-rundhalsausschnitt\/"},"modified":"2026-05-01T05:51:54","modified_gmt":"2026-05-01T03:51:54","slug":"t-shirt-twirl-2","status":"publish","type":"product","link":"https:\/\/osaone.ch\/de\/produkt\/t-shirt-twirl-2\/","title":{"rendered":"T-Shirt &#8211; Baumwolle"},"content":{"rendered":"<p>Gestricktes T-Shirt, gestrickt mit verschiedenen Maschenarten, garngef\u00e4rbte Baumwolle, silberner Druck am Hals, verschiedene Arbeiten mit Lurexfaden.<\/p>\n<p>Das Kleidungsst\u00fcck ist sehr fein und leicht.<\/p>\n<p>Es kann mit der Strickjacke art. 217-E1774SBCO kombiniert werden.<\/p>\n<p><span lang=\"IT\">Handw\u00e4sche oder Maschinenw\u00e4sche mit Programmen und Waschmittel f\u00fcr empfindliche Kleidungsst\u00fccke.<\/span><\/p>\n<p><span lang=\"IT\">Farbe: Wei\u00df &#8211; Royal<\/span><\/p>\n<p>ITALIAN CERTIFIED PRODUCT<\/p>\n","protected":false},"excerpt":{"rendered":"<p>55% Baumwolle Mak\u00f2 &#8211; 45% Viskose<\/p>\n","protected":false},"featured_media":224241,"template":"","meta":{"_seopress_robots_primary_cat":"none","_seopress_titles_title":"","_seopress_titles_desc":"","_seopress_robots_index":""},"product_brand":[],"product_cat":[337,289],"product_tag":[],"class_list":{"0":"post-35598","1":"product","2":"type-product","3":"status-publish","4":"has-post-thumbnail","6":"product_cat-andere-typen-de","7":"product_cat-hemden-de","8":"pa_taglia-42-de","9":"pa_taglia-44-de","10":"pa_taglia-46-de","11":"pa_taglia-50-de","13":"first","14":"instock","15":"shipping-taxable","16":"purchasable","17":"product-type-variable"},"_links":{"self":[{"href":"https:\/\/osaone.ch\/de\/wp-json\/wp\/v2\/product\/35598","targetHints":{"allow":["GET"]}}],"collection":[{"href":"https:\/\/osaone.ch\/de\/wp-json\/wp\/v2\/product"}],"about":[{"href":"https:\/\/osaone.ch\/de\/wp-json\/wp\/v2\/types\/product"}],"wp:featuredmedia":[{"embeddable":true,"href":"https:\/\/osaone.ch\/de\/wp-json\/wp\/v2\/media\/224241"}],"wp:attachment":[{"href":"https:\/\/osaone.ch\/de\/wp-json\/wp\/v2\/media?parent=35598"}],"wp:term":[{"taxonomy":"product_brand","embeddable":true,"href":"https:\/\/osaone.ch\/de\/wp-json\/wp\/v2\/product_brand?post=35598"},{"taxonomy":"product_cat","embeddable":true,"href":"https:\/\/osaone.ch\/de\/wp-json\/wp\/v2\/product_cat?post=35598"},{"taxonomy":"product_tag","embeddable":true,"href":"https:\/\/osaone.ch\/de\/wp-json\/wp\/v2\/product_tag?post=35598"}],"curies":[{"name":"wp","href":"https:\/\/api.w.org\/{rel}","templated":true}]}}