{"id":35616,"date":"2018-02-10T16:23:39","date_gmt":"2018-02-10T15:23:39","guid":{"rendered":"https:\/\/osaone.ch\/prodotto\/pullover-mit-v-ausschnitt\/"},"modified":"2025-12-21T12:51:57","modified_gmt":"2025-12-21T11:51:57","slug":"strick-neck-v-3","status":"publish","type":"product","link":"https:\/\/osaone.ch\/de\/produkt\/strick-neck-v-3\/","title":{"rendered":"Gestrickt &#8211; Baumwolle"},"content":{"rendered":"<p>Pullover mit engem V-Ausschnitt, gestrickt <span lang=\"IT\">mit verschiedenen Maschenarten, garngef\u00e4rbte Baumwolle.<\/span><\/p>\n<p><span lang=\"IT\">Handw\u00e4sche oder Maschinenw\u00e4sche mit Programmen und Waschmittel f\u00fcr empfindliche Kleidungsst\u00fccke.<\/span><\/p>\n<p><span lang=\"IT\">Farbe: Blau &#8211; Multicolour<\/span><\/p>\n<p>CERTIFIED ITALIAN PRODUCT<\/p>\n","protected":false},"excerpt":{"rendered":"<p>100% Mako-Baumwoll-Jersey<\/p>\n","protected":false},"featured_media":132428,"template":"","meta":{"_seopress_robots_primary_cat":"none","_seopress_titles_title":"","_seopress_titles_desc":"","_seopress_robots_index":"","_seopress_analysis_target_kw":""},"product_brand":[],"product_cat":[253,254],"product_tag":[],"class_list":{"0":"post-35616","1":"product","2":"type-product","3":"status-publish","4":"has-post-thumbnail","6":"product_cat-hemden","7":"product_cat-pullover-mit-v-ausschnitt","8":"pa_taglia-46-de","9":"pa_taglia-48-de","10":"pa_taglia-50-de","11":"pa_taglia-52-de","12":"pa_taglia-56-de","13":"pa_taglia-58-de","15":"first","16":"instock","17":"shipping-taxable","18":"purchasable","19":"product-type-variable"},"_links":{"self":[{"href":"https:\/\/osaone.ch\/de\/wp-json\/wp\/v2\/product\/35616","targetHints":{"allow":["GET"]}}],"collection":[{"href":"https:\/\/osaone.ch\/de\/wp-json\/wp\/v2\/product"}],"about":[{"href":"https:\/\/osaone.ch\/de\/wp-json\/wp\/v2\/types\/product"}],"wp:featuredmedia":[{"embeddable":true,"href":"https:\/\/osaone.ch\/de\/wp-json\/wp\/v2\/media\/132428"}],"wp:attachment":[{"href":"https:\/\/osaone.ch\/de\/wp-json\/wp\/v2\/media?parent=35616"}],"wp:term":[{"taxonomy":"product_brand","embeddable":true,"href":"https:\/\/osaone.ch\/de\/wp-json\/wp\/v2\/product_brand?post=35616"},{"taxonomy":"product_cat","embeddable":true,"href":"https:\/\/osaone.ch\/de\/wp-json\/wp\/v2\/product_cat?post=35616"},{"taxonomy":"product_tag","embeddable":true,"href":"https:\/\/osaone.ch\/de\/wp-json\/wp\/v2\/product_tag?post=35616"}],"curies":[{"name":"wp","href":"https:\/\/api.w.org\/{rel}","templated":true}]}}