{"id":35668,"date":"2018-02-13T12:13:08","date_gmt":"2018-02-13T11:13:08","guid":{"rendered":"https:\/\/osaone.ch\/prodotto\/geknoepfte-strickjacke\/"},"modified":"2026-05-01T05:51:50","modified_gmt":"2026-05-01T03:51:50","slug":"strickjacken-knopf-1","status":"publish","type":"product","link":"https:\/\/osaone.ch\/de\/produkt\/strickjacken-knopf-1\/","title":{"rendered":"Strickjacke &#8211; Baumwolle"},"content":{"rendered":"<p><!-- [if gte mso 9]&gt;--><\/p>\n<p><!-- [if gte mso 9]&gt;--><\/p>\n<p><span lang=\"IT\">Strickjacke mit Perlmuttkn\u00f6pfen, Verarbeitung mit verschiedenen Maschenarten, garngef\u00e4rbte Baumwolle, Silberdruck auf dem Band um den Hals und den Kn\u00f6pfen, verschiedene Verarbeitung mit Lurexfaden.<\/span><\/p>\n<p>Das Kleidungsst\u00fcck ist sehr fein und leicht.<\/p>\n<p>Es kann mit dem T-Shirt art. 217-E1773SBCO kombiniert werden.<\/p>\n<p><span lang=\"IT\">Handw\u00e4sche oder Maschinenw\u00e4sche mit Programmen und Waschmittel f\u00fcr empfindliche Kleidungsst\u00fccke.<\/span><\/p>\n<p><span lang=\"IT\">Farbe: Wei\u00df &#8211; Royal<\/span><\/p>\n<p><span lang=\"IT\">ITALIAN CERTIFIED PRODUCT<\/span><\/p>\n","protected":false},"excerpt":{"rendered":"<p>55% Baumwolle mak\u00f2 45% Viskose<\/p>\n","protected":false},"featured_media":224237,"template":"","meta":{"_seopress_robots_primary_cat":"none","_seopress_titles_title":"","_seopress_titles_desc":"","_seopress_robots_index":"","_seopress_analysis_target_kw":""},"product_brand":[],"product_cat":[445,354,316],"product_tag":[],"class_list":{"0":"post-35668","1":"product","2":"type-product","3":"status-publish","4":"has-post-thumbnail","6":"product_cat-frau","7":"product_cat-geknopfte-strickjacke-de","8":"product_cat-strickjacke-de","9":"pa_taglia-44-de","10":"pa_taglia-46-de","11":"pa_taglia-50-de","12":"pa_taglia-52-de","14":"first","15":"instock","16":"shipping-taxable","17":"purchasable","18":"product-type-variable"},"_links":{"self":[{"href":"https:\/\/osaone.ch\/de\/wp-json\/wp\/v2\/product\/35668","targetHints":{"allow":["GET"]}}],"collection":[{"href":"https:\/\/osaone.ch\/de\/wp-json\/wp\/v2\/product"}],"about":[{"href":"https:\/\/osaone.ch\/de\/wp-json\/wp\/v2\/types\/product"}],"wp:featuredmedia":[{"embeddable":true,"href":"https:\/\/osaone.ch\/de\/wp-json\/wp\/v2\/media\/224237"}],"wp:attachment":[{"href":"https:\/\/osaone.ch\/de\/wp-json\/wp\/v2\/media?parent=35668"}],"wp:term":[{"taxonomy":"product_brand","embeddable":true,"href":"https:\/\/osaone.ch\/de\/wp-json\/wp\/v2\/product_brand?post=35668"},{"taxonomy":"product_cat","embeddable":true,"href":"https:\/\/osaone.ch\/de\/wp-json\/wp\/v2\/product_cat?post=35668"},{"taxonomy":"product_tag","embeddable":true,"href":"https:\/\/osaone.ch\/de\/wp-json\/wp\/v2\/product_tag?post=35668"}],"curies":[{"name":"wp","href":"https:\/\/api.w.org\/{rel}","templated":true}]}}