{"id":35767,"date":"2017-07-12T15:55:39","date_gmt":"2017-07-12T13:55:39","guid":{"rendered":"https:\/\/osaone.ch\/prodotto\/t-shirt-mit-v-ausschnitt\/"},"modified":"2017-07-12T15:55:39","modified_gmt":"2017-07-12T13:55:39","slug":"t-shirt-neck-v-1","status":"publish","type":"product","link":"https:\/\/osaone.ch\/de\/produkt\/t-shirt-neck-v-1\/","title":{"rendered":"T-Shirt mit V-Ausschnitt"},"content":{"rendered":"<p>Gestrickt, Druck auf der Vorderseite, einfarbig auf der R\u00fcckseite, die vertikal absteigenden Tupfen sind metallisch blau,<\/p>\n<p>die Farben bleiben auch nach vielen W\u00e4schen unver\u00e4ndert<\/p>\n<p>ZERTIFIZIERTES ITALIENISCHES PRODUKT<\/p>\n<p>&nbsp;<\/p>\n<p><img decoding=\"async\" data-src=\"https:\/\/osaone.ch\/wp-content\/uploads\/images\/stories\/icone\/Taglie-Donna.jpg\" alt=\"Gr\u00f6\u00dfen f\u00fcr Frauen\" src=\"data:image\/svg+xml;base64,PHN2ZyB3aWR0aD0iMSIgaGVpZ2h0PSIxIiB4bWxucz0iaHR0cDovL3d3dy53My5vcmcvMjAwMC9zdmciPjwvc3ZnPg==\" class=\"lazyload\" style=\"--smush-placeholder-width: 919px; --smush-placeholder-aspect-ratio: 919\/589;\"><\/p>\n","protected":false},"excerpt":{"rendered":"<p>T-Shirt mit V-Ausschnitt 84% Viskose 16% Elite<\/p>\n","protected":false},"featured_media":31224,"template":"","meta":{"_seopress_robots_primary_cat":"","_seopress_titles_title":"","_seopress_titles_desc":"","_seopress_robots_index":""},"product_brand":[],"product_cat":[340,289],"product_tag":[],"class_list":{"0":"post-35767","1":"product","2":"type-product","3":"status-publish","4":"has-post-thumbnail","6":"product_cat-halbarmige-hemden","7":"product_cat-hemden-de","8":"pa_taglia-42-de","9":"pa_taglia-44-de","10":"pa_taglia-46-de","11":"pa_taglia-50-de","12":"pa_taglia-52-de","14":"first","15":"instock","16":"shipping-taxable","17":"purchasable","18":"product-type-variable"},"_links":{"self":[{"href":"https:\/\/osaone.ch\/de\/wp-json\/wp\/v2\/product\/35767","targetHints":{"allow":["GET"]}}],"collection":[{"href":"https:\/\/osaone.ch\/de\/wp-json\/wp\/v2\/product"}],"about":[{"href":"https:\/\/osaone.ch\/de\/wp-json\/wp\/v2\/types\/product"}],"wp:featuredmedia":[{"embeddable":true,"href":"https:\/\/osaone.ch\/de\/wp-json\/wp\/v2\/media\/31224"}],"wp:attachment":[{"href":"https:\/\/osaone.ch\/de\/wp-json\/wp\/v2\/media?parent=35767"}],"wp:term":[{"taxonomy":"product_brand","embeddable":true,"href":"https:\/\/osaone.ch\/de\/wp-json\/wp\/v2\/product_brand?post=35767"},{"taxonomy":"product_cat","embeddable":true,"href":"https:\/\/osaone.ch\/de\/wp-json\/wp\/v2\/product_cat?post=35767"},{"taxonomy":"product_tag","embeddable":true,"href":"https:\/\/osaone.ch\/de\/wp-json\/wp\/v2\/product_tag?post=35767"}],"curies":[{"name":"wp","href":"https:\/\/api.w.org\/{rel}","templated":true}]}}