{"id":35774,"date":"2017-07-12T12:41:40","date_gmt":"2017-07-12T10:41:40","guid":{"rendered":"https:\/\/osaone.ch\/prodotto\/knoepfe-fuer-die-jacke\/"},"modified":"2024-03-06T09:31:33","modified_gmt":"2024-03-06T08:31:33","slug":"jackenknopf","status":"publish","type":"product","link":"https:\/\/osaone.ch\/de\/produkt\/jackenknopf\/","title":{"rendered":"Kn\u00f6pfe f\u00fcr die Jacke"},"content":{"rendered":"<p>Gestrickt, garngef\u00e4rbt<\/p>\n<p>ZERTIFIZIERTES ITALIENISCHES PRODUKT<\/p>\n","protected":false},"excerpt":{"rendered":"<p>Jacke mit Kn\u00f6pfen 55% Baumwolle mak\u00f2 45% Viskose<\/p>\n","protected":false},"featured_media":188366,"template":"","meta":{"_seopress_robots_primary_cat":"none","_seopress_titles_title":"","_seopress_titles_desc":"","_seopress_robots_index":""},"product_brand":[],"product_cat":[384],"product_tag":[],"class_list":{"0":"post-35774","1":"product","2":"type-product","3":"status-publish","4":"has-post-thumbnail","6":"product_cat-jacken-de","7":"pa_taglia-48-de","8":"pa_taglia-50-de","10":"first","11":"instock","12":"shipping-taxable","13":"purchasable","14":"product-type-variable"},"_links":{"self":[{"href":"https:\/\/osaone.ch\/de\/wp-json\/wp\/v2\/product\/35774","targetHints":{"allow":["GET"]}}],"collection":[{"href":"https:\/\/osaone.ch\/de\/wp-json\/wp\/v2\/product"}],"about":[{"href":"https:\/\/osaone.ch\/de\/wp-json\/wp\/v2\/types\/product"}],"wp:featuredmedia":[{"embeddable":true,"href":"https:\/\/osaone.ch\/de\/wp-json\/wp\/v2\/media\/188366"}],"wp:attachment":[{"href":"https:\/\/osaone.ch\/de\/wp-json\/wp\/v2\/media?parent=35774"}],"wp:term":[{"taxonomy":"product_brand","embeddable":true,"href":"https:\/\/osaone.ch\/de\/wp-json\/wp\/v2\/product_brand?post=35774"},{"taxonomy":"product_cat","embeddable":true,"href":"https:\/\/osaone.ch\/de\/wp-json\/wp\/v2\/product_cat?post=35774"},{"taxonomy":"product_tag","embeddable":true,"href":"https:\/\/osaone.ch\/de\/wp-json\/wp\/v2\/product_tag?post=35774"}],"curies":[{"name":"wp","href":"https:\/\/api.w.org\/{rel}","templated":true}]}}