{"id":35116,"date":"2022-07-11T11:34:37","date_gmt":"2022-07-11T09:34:37","guid":{"rendered":"https:\/\/osaone.ch\/lentreprise\/"},"modified":"2024-06-05T15:08:33","modified_gmt":"2024-06-05T13:08:33","slug":"lentreprise","status":"publish","type":"page","link":"https:\/\/osaone.ch\/fr\/lentreprise\/","title":{"rendered":"L&rsquo;entreprise"},"content":{"rendered":"\t\t<div data-elementor-type=\"wp-page\" data-elementor-id=\"35116\" class=\"elementor elementor-35116 elementor-30209\" data-elementor-post-type=\"page\">\n\t\t\t\t<div class=\"elementor-element elementor-element-c888ecf e-flex e-con-boxed e-con e-parent\" data-id=\"c888ecf\" data-element_type=\"container\" data-e-type=\"container\">\n\t\t\t\t\t<div class=\"e-con-inner\">\n\t\t<div class=\"elementor-element elementor-element-de0db71 e-con-full e-flex e-con e-child\" data-id=\"de0db71\" data-element_type=\"container\" data-e-type=\"container\">\n\t\t\t\t<div class=\"elementor-element elementor-element-c474d55 elementor-widget elementor-widget-text-editor\" data-id=\"c474d55\" data-element_type=\"widget\" data-e-type=\"widget\" data-widget_type=\"text-editor.default\">\n\t\t\t\t<div class=\"elementor-widget-container\">\n\t\t\t\t\t\t\t\t\t<p>Introduction<\/p>\n\t\t\t\t\t\t\t\t<\/div>\n\t\t\t\t<\/div>\n\t\t\t\t<div class=\"elementor-element elementor-element-c6df56c elementor-widget elementor-widget-heading\" data-id=\"c6df56c\" data-element_type=\"widget\" data-e-type=\"widget\" data-widget_type=\"heading.default\">\n\t\t\t\t<div class=\"elementor-widget-container\">\n\t\t\t\t\t<h2 class=\"elementor-heading-title elementor-size-default\">Des v\u00eatements fins et de qualit\u00e9<\/h2>\t\t\t\t<\/div>\n\t\t\t\t<\/div>\n\t\t\t\t<div class=\"elementor-element elementor-element-eafc21a elementor-widget elementor-widget-text-editor\" data-id=\"eafc21a\" data-element_type=\"widget\" data-e-type=\"widget\" data-widget_type=\"text-editor.default\">\n\t\t\t\t<div class=\"elementor-widget-container\">\n\t\t\t\t\t\t\t\t\t<p>Le magasin a \u00e9t\u00e9 cr\u00e9\u00e9 en 2006, en reprenant un magasin qui existait d\u00e9j\u00e0 depuis plusieurs ann\u00e9es, vendant initialement des v\u00eatements pour hommes et, au fil des ans, incluant des v\u00eatements pour femmes.<br \/>Au fil des ans, avec passion et une attention constante aux besoins de nos clients, nous avons cherch\u00e9 et trouv\u00e9 des produits de qualit\u00e9 qui pouvaient satisfaire diff\u00e9rents groupes de clients en termes de go\u00fbt et de type. C&rsquo;est en tenant compte de ces exigences que des collaborations avec des entreprises 100% italiennes utilisant des fils italiens fins ont \u00e9t\u00e9 \u00e9tablies, donnant lieu \u00e0 des v\u00eatements uniques en Suisse.<br \/>Nous continuerons \u00e0 rechercher des produits uniques et des v\u00eatements qui r\u00e9pondent aux go\u00fbts de nos clients, en faisant toujours attention au type de fils, qui doivent \u00eatre fins et naturels.<br \/>En 2021, nous nous sommes lanc\u00e9s dans la vente en ligne. Sur notre site, vous trouverez les v\u00eatements que nous avons s\u00e9lectionn\u00e9s pour vous, strictement fabriqu\u00e9s et certifi\u00e9s en Italie, pantalons, jupes, robes, pulls, polos, vestes et manteaux, 100% pure laine m\u00e9rinos de premi\u00e8re tonte, 100% coton malo et plus encore.<\/p>\n\t\t\t\t\t\t\t\t<\/div>\n\t\t\t\t<\/div>\n\t\t\t\t<\/div>\n\t\t<div class=\"elementor-element elementor-element-437b335 e-con-full e-flex e-con e-child\" data-id=\"437b335\" data-element_type=\"container\" data-e-type=\"container\" data-settings=\"{&quot;background_background&quot;:&quot;classic&quot;}\">\n\t\t\t\t<div class=\"elementor-element elementor-element-b442de0 elementor-widget elementor-widget-image\" data-id=\"b442de0\" data-element_type=\"widget\" data-e-type=\"widget\" data-widget_type=\"image.default\">\n\t\t\t\t<div class=\"elementor-widget-container\">\n\t\t\t\t\t\t\t\t\t\t\t\t\t\t\t<img fetchpriority=\"high\" decoding=\"async\" width=\"1541\" height=\"1202\" src=\"https:\/\/osaone.ch\/wp-content\/uploads\/2022\/07\/sitoweb-1.png\" class=\"attachment-full size-full wp-image-32960\" alt=\"logo osa one\" srcset=\"https:\/\/osaone.ch\/wp-content\/uploads\/2022\/07\/sitoweb-1.png 1541w, https:\/\/osaone.ch\/wp-content\/uploads\/2022\/07\/sitoweb-1-600x468.png 600w, https:\/\/osaone.ch\/wp-content\/uploads\/2022\/07\/sitoweb-1-300x234.png 300w, https:\/\/osaone.ch\/wp-content\/uploads\/2022\/07\/sitoweb-1-1024x799.png 1024w, https:\/\/osaone.ch\/wp-content\/uploads\/2022\/07\/sitoweb-1-768x599.png 768w, https:\/\/osaone.ch\/wp-content\/uploads\/2022\/07\/sitoweb-1-1536x1198.png 1536w\" sizes=\"(max-width: 1541px) 100vw, 1541px\" \/>\t\t\t\t\t\t\t\t\t\t\t\t\t\t\t<\/div>\n\t\t\t\t<\/div>\n\t\t\t\t<\/div>\n\t\t\t\t\t<\/div>\n\t\t\t\t<\/div>\n\t\t\t\t<\/div>\n\t\t","protected":false},"excerpt":{"rendered":"<p>Introduction Des v\u00eatements fins et de qualit\u00e9 Le magasin a \u00e9t\u00e9 cr\u00e9\u00e9 en 2006, en reprenant un magasin qui existait d\u00e9j\u00e0 depuis plusieurs ann\u00e9es, vendant initialement des v\u00eatements pour hommes et, au fil des ans, incluant des v\u00eatements pour femmes.Au fil des ans, avec passion et une attention constante aux besoins de nos clients, nous [&hellip;]<\/p>\n","protected":false},"author":3,"featured_media":0,"parent":0,"menu_order":0,"comment_status":"closed","ping_status":"closed","template":"","meta":{"_seopress_robots_primary_cat":"","_seopress_titles_title":"%%post_title%% %%sep%% %%sitetitle%%","_seopress_titles_desc":"Des v\u00eatements fins et de qualit\u00e9.","_seopress_robots_index":"","footnotes":""},"class_list":["post-35116","page","type-page","status-publish","hentry"],"_links":{"self":[{"href":"https:\/\/osaone.ch\/fr\/wp-json\/wp\/v2\/pages\/35116","targetHints":{"allow":["GET"]}}],"collection":[{"href":"https:\/\/osaone.ch\/fr\/wp-json\/wp\/v2\/pages"}],"about":[{"href":"https:\/\/osaone.ch\/fr\/wp-json\/wp\/v2\/types\/page"}],"author":[{"embeddable":true,"href":"https:\/\/osaone.ch\/fr\/wp-json\/wp\/v2\/users\/3"}],"replies":[{"embeddable":true,"href":"https:\/\/osaone.ch\/fr\/wp-json\/wp\/v2\/comments?post=35116"}],"version-history":[{"count":5,"href":"https:\/\/osaone.ch\/fr\/wp-json\/wp\/v2\/pages\/35116\/revisions"}],"predecessor-version":[{"id":223476,"href":"https:\/\/osaone.ch\/fr\/wp-json\/wp\/v2\/pages\/35116\/revisions\/223476"}],"wp:attachment":[{"href":"https:\/\/osaone.ch\/fr\/wp-json\/wp\/v2\/media?parent=35116"}],"curies":[{"name":"wp","href":"https:\/\/api.w.org\/{rel}","templated":true}]}}