{"id":36602,"date":"2022-08-26T13:14:02","date_gmt":"2022-08-26T11:14:02","guid":{"rendered":"https:\/\/osaone.ch\/mon-compte\/"},"modified":"2022-08-26T15:41:04","modified_gmt":"2022-08-26T13:41:04","slug":"mon-compte","status":"publish","type":"page","link":"https:\/\/osaone.ch\/fr\/mon-compte\/","title":{"rendered":"Mon compte"},"content":{"rendered":"\t\t<div data-elementor-type=\"wp-page\" data-elementor-id=\"36602\" class=\"elementor elementor-36602 elementor-36592\" data-elementor-post-type=\"page\">\n\t\t\t\t\t\t<section class=\"elementor-section elementor-top-section elementor-element elementor-element-5358d26 elementor-section-boxed elementor-section-height-default elementor-section-height-default\" data-id=\"5358d26\" data-element_type=\"section\" data-e-type=\"section\">\n\t\t\t\t\t\t<div class=\"elementor-container elementor-column-gap-default\">\n\t\t\t\t\t<div class=\"elementor-column elementor-col-100 elementor-top-column elementor-element elementor-element-1f49838\" data-id=\"1f49838\" data-element_type=\"column\" data-e-type=\"column\">\n\t\t\t<div class=\"elementor-widget-wrap elementor-element-populated\">\n\t\t\t\t\t\t<div class=\"elementor-element elementor-element-9c67d16 e-my-account-tabs-vertical elementor-widget elementor-widget-woocommerce-my-account\" data-id=\"9c67d16\" data-element_type=\"widget\" data-e-type=\"widget\" data-widget_type=\"woocommerce-my-account.default\">\n\t\t\t\t<div class=\"elementor-widget-container\">\n\t\t\t\t\t<div class=\"e-my-account-tab e-my-account-tab__ \">\t\t\t<div class=\"woocommerce\"><\/div>\t\t<\/div>\n\t\t\t\t\t\t<\/div>\n\t\t\t\t<\/div>\n\t\t\t\t\t<\/div>\n\t\t<\/div>\n\t\t\t\t\t<\/div>\n\t\t<\/section>\n\t\t\t\t<\/div>\n\t\t","protected":false},"excerpt":{"rendered":"<p>Tableau d&#039;affichage Ordres T\u00e9l\u00e9chargements Adresses D\u00e9tails du compte Sortie Ciao Ivo Protrkic (non sei Ivo Protrkic? Logout) Dalla bacheca del tuo account puoi visualizzare i tuoi ordini recenti, gestire i tuoi indirizzi di spedizione e fatturazione e modificare la password e i dettagli dell&rsquo;account.<\/p>\n","protected":false},"author":3,"featured_media":0,"parent":0,"menu_order":0,"comment_status":"closed","ping_status":"closed","template":"elementor_header_footer","meta":{"_seopress_robots_primary_cat":"","_seopress_titles_title":"","_seopress_titles_desc":"","_seopress_robots_index":"","footnotes":""},"class_list":["post-36602","page","type-page","status-publish","hentry"],"_links":{"self":[{"href":"https:\/\/osaone.ch\/fr\/wp-json\/wp\/v2\/pages\/36602","targetHints":{"allow":["GET"]}}],"collection":[{"href":"https:\/\/osaone.ch\/fr\/wp-json\/wp\/v2\/pages"}],"about":[{"href":"https:\/\/osaone.ch\/fr\/wp-json\/wp\/v2\/types\/page"}],"author":[{"embeddable":true,"href":"https:\/\/osaone.ch\/fr\/wp-json\/wp\/v2\/users\/3"}],"replies":[{"embeddable":true,"href":"https:\/\/osaone.ch\/fr\/wp-json\/wp\/v2\/comments?post=36602"}],"version-history":[{"count":3,"href":"https:\/\/osaone.ch\/fr\/wp-json\/wp\/v2\/pages\/36602\/revisions"}],"predecessor-version":[{"id":36630,"href":"https:\/\/osaone.ch\/fr\/wp-json\/wp\/v2\/pages\/36602\/revisions\/36630"}],"wp:attachment":[{"href":"https:\/\/osaone.ch\/fr\/wp-json\/wp\/v2\/media?parent=36602"}],"curies":[{"name":"wp","href":"https:\/\/api.w.org\/{rel}","templated":true}]}}